{"id":534,"date":"2018-02-13T14:48:05","date_gmt":"2018-02-13T13:48:05","guid":{"rendered":"http:\/\/xtratheme.com\/cosmos-blog\/?page_id=2"},"modified":"2025-09-24T17:05:16","modified_gmt":"2025-09-24T15:05:16","slug":"ueber-mich","status":"publish","type":"page","link":"https:\/\/regina.lukianto.de\/?page_id=534","title":{"rendered":"\u00dcber mich"},"content":{"rendered":"\t\t<div data-elementor-type=\"wp-page\" data-elementor-id=\"534\" class=\"elementor elementor-534\">\n\t\t\t\t\t\t<section class=\"elementor-section elementor-top-section elementor-element elementor-element-3cf41567 elementor-section-boxed elementor-section-height-default elementor-section-height-default\" data-id=\"3cf41567\" data-element_type=\"section\" data-e-type=\"section\">\n\t\t\t\t\t\t<div class=\"elementor-container elementor-column-gap-default\">\n\t\t\t\t\t<div class=\"elementor-column elementor-col-100 elementor-top-column elementor-element elementor-element-21e801c4\" data-id=\"21e801c4\" data-element_type=\"column\" data-e-type=\"column\">\n\t\t\t<div class=\"elementor-widget-wrap elementor-element-populated\">\n\t\t\t\t\t\t<section class=\"elementor-section elementor-inner-section elementor-element elementor-element-126d95f9 elementor-section-boxed elementor-section-height-default elementor-section-height-default\" data-id=\"126d95f9\" data-element_type=\"section\" data-e-type=\"section\">\n\t\t\t\t\t\t<div class=\"elementor-container elementor-column-gap-default\">\n\t\t\t\t\t<div class=\"elementor-column elementor-col-33 elementor-inner-column elementor-element elementor-element-7e17905e\" data-id=\"7e17905e\" data-element_type=\"column\" data-e-type=\"column\">\n\t\t\t<div class=\"elementor-widget-wrap elementor-element-populated\">\n\t\t\t\t\t\t<div class=\"elementor-element elementor-element-3c4699b elementor-widget elementor-widget-text-editor\" data-id=\"3c4699b\" data-element_type=\"widget\" data-e-type=\"widget\" data-widget_type=\"text-editor.default\">\n\t\t\t\t<div class=\"elementor-widget-container\">\n\t\t\t\t\t\t\t\t\t<h2>Regina Lukianto<\/h2>\t\t\t\t\t\t\t\t<\/div>\n\t\t\t\t<\/div>\n\t\t\t\t<div class=\"elementor-element elementor-element-c4366a1 elementor-widget elementor-widget-testimonial\" data-id=\"c4366a1\" data-element_type=\"widget\" data-e-type=\"widget\" data-widget_type=\"testimonial.default\">\n\t\t\t\t<div class=\"elementor-widget-container\">\n\t\t\t\t\t\t\t<div class=\"elementor-testimonial-wrapper\">\n\t\t\t\n\t\t\t\t\t\t<div class=\"elementor-testimonial-meta elementor-has-image elementor-testimonial-image-position-aside\">\n\t\t\t\t<div class=\"elementor-testimonial-meta-inner\">\n\t\t\t\t\t\t\t\t\t\t\t<div class=\"elementor-testimonial-image\">\n\t\t\t\t\t\t\t<img loading=\"lazy\" decoding=\"async\" width=\"907\" height=\"1000\" src=\"https:\/\/regina.lukianto.de\/wp-content\/uploads\/2021\/11\/regina-lukianto_medium-fuer-jenseitskontakte_menden_maerkischer-kreis-_mmf_3829_web-e1636550700755.jpg\" class=\"attachment-full size-full wp-image-5444\" alt=\"Portrait Regina Lukianto\" loading=\"lazy\" srcset=\"https:\/\/regina.lukianto.de\/wp-content\/uploads\/2021\/11\/regina-lukianto_medium-fuer-jenseitskontakte_menden_maerkischer-kreis-_mmf_3829_web-e1636550700755.jpg 907w, https:\/\/regina.lukianto.de\/wp-content\/uploads\/2021\/11\/regina-lukianto_medium-fuer-jenseitskontakte_menden_maerkischer-kreis-_mmf_3829_web-e1636550700755-272x300.jpg 272w, https:\/\/regina.lukianto.de\/wp-content\/uploads\/2021\/11\/regina-lukianto_medium-fuer-jenseitskontakte_menden_maerkischer-kreis-_mmf_3829_web-e1636550700755-768x847.jpg 768w, https:\/\/regina.lukianto.de\/wp-content\/uploads\/2021\/11\/regina-lukianto_medium-fuer-jenseitskontakte_menden_maerkischer-kreis-_mmf_3829_web-e1636550700755-600x662.jpg 600w\" sizes=\"auto, (max-width: 907px) 100vw, 907px\" \/>\t\t\t\t\t\t<\/div>\n\t\t\t\t\t\n\t\t\t\t\t\t\t\t\t<\/div>\n\t\t\t<\/div>\n\t\t\t\t\t<\/div>\n\t\t\t\t\t\t<\/div>\n\t\t\t\t<\/div>\n\t\t\t\t<div class=\"elementor-element elementor-element-7b47b55 elementor-widget elementor-widget-cz_free_line\" data-id=\"7b47b55\" data-element_type=\"widget\" data-e-type=\"widget\" data-widget_type=\"cz_free_line.default\">\n\t\t\t\t<div class=\"elementor-widget-container\">\n\t\t\t\t\t\t\t<div class=\"relative\">\r\n\t\t\t<div  class=\"cz_line tac\"><\/div>\r\n\t\t<\/div>\r\n\t\t<div class=\"clr\"><\/div>\r\n\t\t\t\t\t\t<\/div>\n\t\t\t\t<\/div>\n\t\t\t\t<div class=\"elementor-element elementor-element-3a35e2f elementor-widget elementor-widget-text-editor\" data-id=\"3a35e2f\" data-element_type=\"widget\" data-e-type=\"widget\" data-widget_type=\"text-editor.default\">\n\t\t\t\t<div class=\"elementor-widget-container\">\n\t\t\t\t\t\t\t\t\t<p>Schon sehr fr\u00fch habe ich Dinge bemerkt, die andere nicht sahen. Immer wieder musste ich mir anh\u00f6ren, dass ich \u00fcbertreibe. Irgendwann habe ich nichts mehr erz\u00e4hlt.<\/p><p>In meiner Familie bestand und besteht eine ganz nat\u00fcrliche Medialit\u00e4t, die uns einander nahe sein l\u00e4sst und wissen l\u00e4sst, wie es dem anderen geht auch \u00fcber gro\u00dfe Entfernungen hinweg.<\/p><p>Eine Beobachtung, die ich oft machte ohne sie zu verstehen: Ich brauchte innerlich nur die Frage zu stellen: Und nun?\u2026\u00a0 und mir fiel die Antwort vor die F\u00fc\u00dfe. Ich brauchte sie nur aufzuheben.<\/p><p>In einem langen Reifungs- und Schulungsprozess mit einigen Umwegen habe ich gelernt meinen Wahrnehmungen zu vertrauen und diese den Menschen auf Anfrage zur Verf\u00fcgung zu stellen. Jeder Umweg diente im Nachhinein der Erweiterung meiner Kompetenzen, immer gef\u00fchrt von der geistigen Welt, auch wenn\u00a0 ich dies zuerst nicht wirklich verstanden habe.<\/p><p>Durch meine sehr fundierte Ausbildung zum Medium nach dem britischen Spiritualismus habe ich nun endlich verstanden, wie ich diese besonderen F\u00e4higkeiten einsetzen kann.\u00a0 Daf\u00fcr bin ich meinen Lehrern Paul Meek und Simon Veigel sehr dankbar.<\/p><p>Meine pers\u00f6nliche Medialit\u00e4t zeigt sich in Bildern, Metaphern und Worten, manchmal zeigen sich auch Personen.\u00a0 Oft erlebe ich, dass Beziehungen zu den Verstorbenen w\u00e4hrend des Lebens schwierig waren. Im Kontakt zu ihnen auf der Jenseitsebene geschieht h\u00e4ufig Erstaunliches: Man kann \u00fcber Dinge sprechen, die im Leben nicht m\u00f6glich waren oder einfach nur seine Freude dar\u00fcber ausdr\u00fccken, dass die geliebte Person noch da ist, am Leben teilnimmt, auch wenn sie nicht sichtbar ist.<\/p><p>Jede Begegnung mit dem Jenseits war und ist einzigartig und f\u00fcr mich eine begl\u00fcckende Erfahrung. Dazu geh\u00f6rt es, die Botschaften, die mir \u00fcbermittelt werden so zu formulieren, dass sie sowohl Trost als auch Vers\u00f6hnung erm\u00f6glichen k\u00f6nnen.<\/p>\t\t\t\t\t\t\t\t<\/div>\n\t\t\t\t<\/div>\n\t\t\t\t\t<\/div>\n\t\t<\/div>\n\t\t\t\t<div class=\"elementor-column elementor-col-33 elementor-inner-column elementor-element elementor-element-5acb0bd\" data-id=\"5acb0bd\" data-element_type=\"column\" data-e-type=\"column\">\n\t\t\t<div class=\"elementor-widget-wrap\">\n\t\t\t\t\t\t\t<\/div>\n\t\t<\/div>\n\t\t\t\t<div class=\"elementor-column elementor-col-33 elementor-inner-column elementor-element elementor-element-8dde9ae\" data-id=\"8dde9ae\" data-element_type=\"column\" data-e-type=\"column\" data-settings=\"{&quot;background_background&quot;:&quot;classic&quot;}\">\n\t\t\t<div class=\"elementor-widget-wrap\">\n\t\t\t\t\t\t\t<\/div>\n\t\t<\/div>\n\t\t\t\t\t<\/div>\n\t\t<\/section>\n\t\t\t\t\t<\/div>\n\t\t<\/div>\n\t\t\t\t\t<\/div>\n\t\t<\/section>\n\t\t\t\t<section class=\"elementor-section elementor-top-section elementor-element elementor-element-65e208c elementor-section-boxed elementor-section-height-default elementor-section-height-default\" data-id=\"65e208c\" data-element_type=\"section\" data-e-type=\"section\">\n\t\t\t\t\t\t<div class=\"elementor-container elementor-column-gap-default\">\n\t\t\t\t\t<div class=\"elementor-column elementor-col-33 elementor-top-column elementor-element elementor-element-aff49e1\" data-id=\"aff49e1\" data-element_type=\"column\" data-e-type=\"column\">\n\t\t\t<div class=\"elementor-widget-wrap\">\n\t\t\t\t\t\t\t<\/div>\n\t\t<\/div>\n\t\t\t\t<div class=\"elementor-column elementor-col-33 elementor-top-column elementor-element elementor-element-6bf7041\" data-id=\"6bf7041\" data-element_type=\"column\" data-e-type=\"column\">\n\t\t\t<div class=\"elementor-widget-wrap elementor-element-populated\">\n\t\t\t\t\t\t<section class=\"elementor-section elementor-inner-section elementor-element elementor-element-4077f0f elementor-section-boxed elementor-section-height-default elementor-section-height-default\" data-id=\"4077f0f\" data-element_type=\"section\" data-e-type=\"section\">\n\t\t\t\t\t\t<div class=\"elementor-container elementor-column-gap-default\">\n\t\t\t\t\t<div class=\"elementor-column elementor-col-100 elementor-inner-column elementor-element elementor-element-5642a5f\" data-id=\"5642a5f\" data-element_type=\"column\" data-e-type=\"column\">\n\t\t\t<div class=\"elementor-widget-wrap elementor-element-populated\">\n\t\t\t\t\t\t<div class=\"elementor-element elementor-element-24dfa27 elementor-widget elementor-widget-cz_free_line\" data-id=\"24dfa27\" data-element_type=\"widget\" data-e-type=\"widget\" data-widget_type=\"cz_free_line.default\">\n\t\t\t\t<div class=\"elementor-widget-container\">\n\t\t\t\t\t\t\t<div class=\"relative\">\r\n\t\t\t<div  class=\"cz_line tac\"><\/div>\r\n\t\t<\/div>\r\n\t\t<div class=\"clr\"><\/div>\r\n\t\t\t\t\t\t<\/div>\n\t\t\t\t<\/div>\n\t\t\t\t<div class=\"elementor-element elementor-element-21aaf90 elementor-widget elementor-widget-spacer\" data-id=\"21aaf90\" data-element_type=\"widget\" data-e-type=\"widget\" data-widget_type=\"spacer.default\">\n\t\t\t\t<div class=\"elementor-widget-container\">\n\t\t\t\t\t\t\t<div class=\"elementor-spacer\">\n\t\t\t<div class=\"elementor-spacer-inner\"><\/div>\n\t\t<\/div>\n\t\t\t\t\t\t<\/div>\n\t\t\t\t<\/div>\n\t\t\t\t\t<\/div>\n\t\t<\/div>\n\t\t\t\t\t<\/div>\n\t\t<\/section>\n\t\t\t\t<div class=\"elementor-element elementor-element-1139d1ba elementor-widget elementor-widget-cz_accordion\" data-id=\"1139d1ba\" data-element_type=\"widget\" data-e-type=\"widget\" data-widget_type=\"cz_accordion.default\">\n\t\t\t\t<div class=\"elementor-widget-container\">\n\t\t\t\t\t<div data-arrows='{\"open\":\"fas fa-angle-down\",\"close\":\"fas fa-angle-up\"}' class=\"cz_acc clr cz_acc_icon_before\"><div><div class=\"elementor-repeater-item-b445a63\"><span class=\"cz_acc_child\"><div>Weiterbildungen, die mich inspiriert haben<\/div><\/span><div class=\"cz_acc_child_content clr\"><ul><li>Supervisionsausbildung bei Holtmann&amp;Scheuermann, ISO \u2013 Institut f\u00fcr Supervision und Organisationsberatung Berlin \u2013 K\u00f6ln 2007\/10<\/li><li>TZI: Begleitung von lebendigen Lernprozessen, Villigst 2013<\/li><li>Gestaltp\u00e4dagogik und Heilende Seelsorge nach Albert H\u00f6fer, Meschede 2014\/15<\/li><li>\u201eErwachen im Leben\u201c Prozessbegleitung im Gesundheitssystem nach Arnold Mindell, Institut f\u00fcr Prozessarbeit, Bonn 2017\/18<\/li><li>Ausbildung zur Reiki Meisterin\/Lehrerin nach Mikao Usui bei Gerda R\u00f6hring, Iserlohn 2015 \u2013 2019<\/li><li>Ausbildung zum Jenseits Medium bei Paul Meek, Mediale Highschool, M\u00fcnchen, 2020 \/23<\/li><li>Arthur Findlay College London Juni 2025<\/li><\/ul><\/div><\/div><div class=\"elementor-repeater-item-a9d1174\"><span class=\"cz_acc_child\"><div>Berufserfahrung\u200b<\/div><\/span><div class=\"cz_acc_child_content clr\"><p>\u00a0<\/p><p>Als Supervisorin durfte und darf ich immer noch viele Erfahrungen sammeln besonders im Bereich beruflicher Stressbew\u00e4ltigung, in der Mediation und in vielen unterschiedlichen Einzelprozessen.<\/p><p>Als besonders bedeutsam und ber\u00fchrend \u00a0habe die Begleitung von Ehrenamtlichen in der Hospizarbeit erlebt, der Wert des Lebens bis zu seinem Ende, der \u00dcbergang in die andere Welt, der Umgang mit den Hinterbliebenen, meine eigene Auseinandersetzung mit dem Leben und Sterben, mit \u00dcberg\u00e4ngen.<\/p><p>Arbeit als Jenseitsmedium in Einzelkontakten<\/p><\/div><\/div><div class=\"elementor-repeater-item-a0c6694\"><span class=\"cz_acc_child\"><div>Netzwerke<\/div><\/span><div class=\"cz_acc_child_content clr\"><ul><li data-wp-editing=\"1\"><a href=\"https:\/\/institut-prozessarbeit.de\/\">Institut f\u00fcr Prozessarbeit Deutschland<\/a><\/li><li data-wp-editing=\"1\"><a href=\"https:\/\/www.medialehighschool.de\/\" target=\"_blank\" rel=\"noopener\">Mediale Highschool, Paul Meek, M\u00fcnchen<\/a><\/li><\/ul><\/div><\/div><div class=\"elementor-repeater-item-63dca51\"><span class=\"cz_acc_child\"><div>Qualit\u00e4tssicherung<\/div><\/span><div class=\"cz_acc_child_content clr\"><ul><li>Pers\u00f6nliche Qualit\u00e4tssicherung in verschiedenen Gruppen f\u00fcr Kontrollsupervision und Intervision<\/li><li>mediale \u00dcbungsgruppen<\/li><\/ul><\/div><\/div><div class=\"elementor-repeater-item-6ffa3b6\"><span class=\"cz_acc_child\"><div><\/div><\/span><div class=\"cz_acc_child_content clr\"><p>Hello World ...<\/p><\/div><\/div><div class=\"elementor-repeater-item-6c40610\"><span class=\"cz_acc_child\"><div><\/div><\/span><div class=\"cz_acc_child_content clr\"><p>Hello World ...<\/p><\/div><\/div><\/div><\/div>\t\t\t\t<\/div>\n\t\t\t\t<\/div>\n\t\t\t\t<div class=\"elementor-element elementor-element-290484ef elementor-widget elementor-widget-cz_free_line\" data-id=\"290484ef\" data-element_type=\"widget\" data-e-type=\"widget\" data-widget_type=\"cz_free_line.default\">\n\t\t\t\t<div class=\"elementor-widget-container\">\n\t\t\t\t\t\t\t<div class=\"relative\">\r\n\t\t\t<div  class=\"cz_line tac\"><\/div>\r\n\t\t<\/div>\r\n\t\t<div class=\"clr\"><\/div>\r\n\t\t\t\t\t\t<\/div>\n\t\t\t\t<\/div>\n\t\t\t\t<div class=\"elementor-element elementor-element-2ef3fd0 elementor-alert-info elementor-widget elementor-widget-alert\" data-id=\"2ef3fd0\" data-element_type=\"widget\" data-e-type=\"widget\" data-widget_type=\"alert.default\">\n\t\t\t\t<div class=\"elementor-widget-container\">\n\t\t\t\t\t\t\t<div class=\"elementor-alert\" role=\"alert\">\n\n\t\t\t\t\t\t<span class=\"elementor-alert-title\">Hinweis<\/span>\n\t\t\t\n\t\t\t\t\t\t<span class=\"elementor-alert-description\">Alles, was in meinen R\u00e4umen besprochen wird, unterliegt der Schweigepflicht. Jede Kundin, jeder Kunde beh\u00e4lt seine volle Eigenverantwortlichkeit f\u00fcr sich selbst. Die angef\u00fchrt Arbeitsweise ist keine Heilbehandlung sondern er\u00f6ffnet Wege zur Selbsthilfe.<\/span>\n\t\t\t\n\t\t\t\n\t\t<\/div>\n\t\t\t\t\t\t<\/div>\n\t\t\t\t<\/div>\n\t\t\t\t\t<\/div>\n\t\t<\/div>\n\t\t\t\t<div class=\"elementor-column elementor-col-33 elementor-top-column elementor-element elementor-element-806eef3\" data-id=\"806eef3\" data-element_type=\"column\" data-e-type=\"column\">\n\t\t\t<div class=\"elementor-widget-wrap\">\n\t\t\t\t\t\t\t<\/div>\n\t\t<\/div>\n\t\t\t\t\t<\/div>\n\t\t<\/section>\n\t\t\t\t<\/div>\n\t\t","protected":false},"excerpt":{"rendered":"<p>Regina Lukianto Schon sehr fr\u00fch habe ich Dinge bemerkt, die andere &#8230; <\/p>\n","protected":false},"author":3,"featured_media":0,"parent":0,"menu_order":0,"comment_status":"closed","ping_status":"closed","template":"","meta":{"footnotes":""},"class_list":["post-534","page","type-page","status-publish","hentry"],"yoast_head":"<!-- This site is optimized with the Yoast SEO plugin v27.5 - https:\/\/yoast.com\/product\/yoast-seo-wordpress\/ -->\n<title>\u00dcber mich &#8211; Regina Lukianto<\/title>\n<meta name=\"description\" content=\"M\u00f6chten Sie erfahren, wie Regina Lukianto zum Medium f\u00fcr Jenseitskontakte wurde, wie sie arbeitet und was sie ausmacht?\" \/>\n<meta name=\"robots\" content=\"index, follow, max-snippet:-1, max-image-preview:large, max-video-preview:-1\" \/>\n<link rel=\"canonical\" href=\"https:\/\/regina.lukianto.de\/?page_id=534\" \/>\n<meta property=\"og:locale\" content=\"de_DE\" \/>\n<meta property=\"og:type\" content=\"article\" \/>\n<meta property=\"og:title\" content=\"\u00dcber mich &#8211; Regina Lukianto\" \/>\n<meta property=\"og:description\" content=\"M\u00f6chten Sie erfahren, wie Regina Lukianto zum Medium f\u00fcr Jenseitskontakte wurde, wie sie arbeitet und was sie ausmacht?\" \/>\n<meta property=\"og:url\" content=\"https:\/\/regina.lukianto.de\/?page_id=534\" \/>\n<meta property=\"og:site_name\" content=\"Regina Lukianto\" \/>\n<meta property=\"article:modified_time\" content=\"2025-09-24T15:05:16+00:00\" \/>\n<meta property=\"og:image\" content=\"https:\/\/regina.lukianto.de\/wp-content\/uploads\/2021\/11\/regina-lukianto_medium-fuer-jenseitskontakte_menden_maerkischer-kreis-_mmf_3829_web-e1636550700755.jpg\" \/>\n\t<meta property=\"og:image:width\" content=\"907\" \/>\n\t<meta property=\"og:image:height\" content=\"1000\" \/>\n\t<meta property=\"og:image:type\" content=\"image\/jpeg\" \/>\n<meta name=\"twitter:card\" content=\"summary_large_image\" \/>\n<meta name=\"twitter:label1\" content=\"Gesch\u00e4tzte Lesezeit\" \/>\n\t<meta name=\"twitter:data1\" content=\"3\u00a0Minuten\" \/>\n<script type=\"application\/ld+json\" class=\"yoast-schema-graph\">{\"@context\":\"https:\\\/\\\/schema.org\",\"@graph\":[{\"@type\":\"WebPage\",\"@id\":\"https:\\\/\\\/regina.lukianto.de\\\/?page_id=534\",\"url\":\"https:\\\/\\\/regina.lukianto.de\\\/?page_id=534\",\"name\":\"\u00dcber mich &#8211; Regina Lukianto\",\"isPartOf\":{\"@id\":\"https:\\\/\\\/regina.lukianto.de\\\/#website\"},\"primaryImageOfPage\":{\"@id\":\"https:\\\/\\\/regina.lukianto.de\\\/?page_id=534#primaryimage\"},\"image\":{\"@id\":\"https:\\\/\\\/regina.lukianto.de\\\/?page_id=534#primaryimage\"},\"thumbnailUrl\":\"https:\\\/\\\/regina.lukianto.de\\\/wp-content\\\/uploads\\\/2021\\\/11\\\/regina-lukianto_medium-fuer-jenseitskontakte_menden_maerkischer-kreis-_mmf_3829_web-e1636550700755.jpg\",\"datePublished\":\"2018-02-13T13:48:05+00:00\",\"dateModified\":\"2025-09-24T15:05:16+00:00\",\"description\":\"M\u00f6chten Sie erfahren, wie Regina Lukianto zum Medium f\u00fcr Jenseitskontakte wurde, wie sie arbeitet und was sie ausmacht?\",\"breadcrumb\":{\"@id\":\"https:\\\/\\\/regina.lukianto.de\\\/?page_id=534#breadcrumb\"},\"inLanguage\":\"de\",\"potentialAction\":[{\"@type\":\"ReadAction\",\"target\":[\"https:\\\/\\\/regina.lukianto.de\\\/?page_id=534\"]}]},{\"@type\":\"ImageObject\",\"inLanguage\":\"de\",\"@id\":\"https:\\\/\\\/regina.lukianto.de\\\/?page_id=534#primaryimage\",\"url\":\"https:\\\/\\\/regina.lukianto.de\\\/wp-content\\\/uploads\\\/2021\\\/11\\\/regina-lukianto_medium-fuer-jenseitskontakte_menden_maerkischer-kreis-_mmf_3829_web-e1636550700755.jpg\",\"contentUrl\":\"https:\\\/\\\/regina.lukianto.de\\\/wp-content\\\/uploads\\\/2021\\\/11\\\/regina-lukianto_medium-fuer-jenseitskontakte_menden_maerkischer-kreis-_mmf_3829_web-e1636550700755.jpg\",\"width\":907,\"height\":1000,\"caption\":\"Portrait Regina Lukianto\"},{\"@type\":\"BreadcrumbList\",\"@id\":\"https:\\\/\\\/regina.lukianto.de\\\/?page_id=534#breadcrumb\",\"itemListElement\":[{\"@type\":\"ListItem\",\"position\":1,\"name\":\"Startseite\",\"item\":\"https:\\\/\\\/regina.lukianto.de\\\/\"},{\"@type\":\"ListItem\",\"position\":2,\"name\":\"\u00dcber mich\"}]},{\"@type\":\"WebSite\",\"@id\":\"https:\\\/\\\/regina.lukianto.de\\\/#website\",\"url\":\"https:\\\/\\\/regina.lukianto.de\\\/\",\"name\":\"Regina Lukianto\",\"description\":\"Coaching - Supervision - Spirituelle Begleitung\",\"publisher\":{\"@id\":\"https:\\\/\\\/regina.lukianto.de\\\/#\\\/schema\\\/person\\\/e3bf0be64e4431d35e0c1d61fc88dfa4\"},\"potentialAction\":[{\"@type\":\"SearchAction\",\"target\":{\"@type\":\"EntryPoint\",\"urlTemplate\":\"https:\\\/\\\/regina.lukianto.de\\\/?s={search_term_string}\"},\"query-input\":{\"@type\":\"PropertyValueSpecification\",\"valueRequired\":true,\"valueName\":\"search_term_string\"}}],\"inLanguage\":\"de\"},{\"@type\":[\"Person\",\"Organization\"],\"@id\":\"https:\\\/\\\/regina.lukianto.de\\\/#\\\/schema\\\/person\\\/e3bf0be64e4431d35e0c1d61fc88dfa4\",\"name\":\"Regina\",\"logo\":{\"@id\":\"https:\\\/\\\/regina.lukianto.de\\\/#\\\/schema\\\/person\\\/image\\\/\"}}]}<\/script>\n<!-- \/ Yoast SEO plugin. -->","yoast_head_json":{"title":"\u00dcber mich &#8211; Regina Lukianto","description":"M\u00f6chten Sie erfahren, wie Regina Lukianto zum Medium f\u00fcr Jenseitskontakte wurde, wie sie arbeitet und was sie ausmacht?","robots":{"index":"index","follow":"follow","max-snippet":"max-snippet:-1","max-image-preview":"max-image-preview:large","max-video-preview":"max-video-preview:-1"},"canonical":"https:\/\/regina.lukianto.de\/?page_id=534","og_locale":"de_DE","og_type":"article","og_title":"\u00dcber mich &#8211; Regina Lukianto","og_description":"M\u00f6chten Sie erfahren, wie Regina Lukianto zum Medium f\u00fcr Jenseitskontakte wurde, wie sie arbeitet und was sie ausmacht?","og_url":"https:\/\/regina.lukianto.de\/?page_id=534","og_site_name":"Regina Lukianto","article_modified_time":"2025-09-24T15:05:16+00:00","og_image":[{"width":907,"height":1000,"url":"https:\/\/regina.lukianto.de\/wp-content\/uploads\/2021\/11\/regina-lukianto_medium-fuer-jenseitskontakte_menden_maerkischer-kreis-_mmf_3829_web-e1636550700755.jpg","type":"image\/jpeg"}],"twitter_card":"summary_large_image","twitter_misc":{"Gesch\u00e4tzte Lesezeit":"3\u00a0Minuten"},"schema":{"@context":"https:\/\/schema.org","@graph":[{"@type":"WebPage","@id":"https:\/\/regina.lukianto.de\/?page_id=534","url":"https:\/\/regina.lukianto.de\/?page_id=534","name":"\u00dcber mich &#8211; Regina Lukianto","isPartOf":{"@id":"https:\/\/regina.lukianto.de\/#website"},"primaryImageOfPage":{"@id":"https:\/\/regina.lukianto.de\/?page_id=534#primaryimage"},"image":{"@id":"https:\/\/regina.lukianto.de\/?page_id=534#primaryimage"},"thumbnailUrl":"https:\/\/regina.lukianto.de\/wp-content\/uploads\/2021\/11\/regina-lukianto_medium-fuer-jenseitskontakte_menden_maerkischer-kreis-_mmf_3829_web-e1636550700755.jpg","datePublished":"2018-02-13T13:48:05+00:00","dateModified":"2025-09-24T15:05:16+00:00","description":"M\u00f6chten Sie erfahren, wie Regina Lukianto zum Medium f\u00fcr Jenseitskontakte wurde, wie sie arbeitet und was sie ausmacht?","breadcrumb":{"@id":"https:\/\/regina.lukianto.de\/?page_id=534#breadcrumb"},"inLanguage":"de","potentialAction":[{"@type":"ReadAction","target":["https:\/\/regina.lukianto.de\/?page_id=534"]}]},{"@type":"ImageObject","inLanguage":"de","@id":"https:\/\/regina.lukianto.de\/?page_id=534#primaryimage","url":"https:\/\/regina.lukianto.de\/wp-content\/uploads\/2021\/11\/regina-lukianto_medium-fuer-jenseitskontakte_menden_maerkischer-kreis-_mmf_3829_web-e1636550700755.jpg","contentUrl":"https:\/\/regina.lukianto.de\/wp-content\/uploads\/2021\/11\/regina-lukianto_medium-fuer-jenseitskontakte_menden_maerkischer-kreis-_mmf_3829_web-e1636550700755.jpg","width":907,"height":1000,"caption":"Portrait Regina Lukianto"},{"@type":"BreadcrumbList","@id":"https:\/\/regina.lukianto.de\/?page_id=534#breadcrumb","itemListElement":[{"@type":"ListItem","position":1,"name":"Startseite","item":"https:\/\/regina.lukianto.de\/"},{"@type":"ListItem","position":2,"name":"\u00dcber mich"}]},{"@type":"WebSite","@id":"https:\/\/regina.lukianto.de\/#website","url":"https:\/\/regina.lukianto.de\/","name":"Regina Lukianto","description":"Coaching - Supervision - Spirituelle Begleitung","publisher":{"@id":"https:\/\/regina.lukianto.de\/#\/schema\/person\/e3bf0be64e4431d35e0c1d61fc88dfa4"},"potentialAction":[{"@type":"SearchAction","target":{"@type":"EntryPoint","urlTemplate":"https:\/\/regina.lukianto.de\/?s={search_term_string}"},"query-input":{"@type":"PropertyValueSpecification","valueRequired":true,"valueName":"search_term_string"}}],"inLanguage":"de"},{"@type":["Person","Organization"],"@id":"https:\/\/regina.lukianto.de\/#\/schema\/person\/e3bf0be64e4431d35e0c1d61fc88dfa4","name":"Regina","logo":{"@id":"https:\/\/regina.lukianto.de\/#\/schema\/person\/image\/"}}]}},"_links":{"self":[{"href":"https:\/\/regina.lukianto.de\/index.php?rest_route=\/wp\/v2\/pages\/534","targetHints":{"allow":["GET"]}}],"collection":[{"href":"https:\/\/regina.lukianto.de\/index.php?rest_route=\/wp\/v2\/pages"}],"about":[{"href":"https:\/\/regina.lukianto.de\/index.php?rest_route=\/wp\/v2\/types\/page"}],"author":[{"embeddable":true,"href":"https:\/\/regina.lukianto.de\/index.php?rest_route=\/wp\/v2\/users\/3"}],"replies":[{"embeddable":true,"href":"https:\/\/regina.lukianto.de\/index.php?rest_route=%2Fwp%2Fv2%2Fcomments&post=534"}],"version-history":[{"count":431,"href":"https:\/\/regina.lukianto.de\/index.php?rest_route=\/wp\/v2\/pages\/534\/revisions"}],"predecessor-version":[{"id":6851,"href":"https:\/\/regina.lukianto.de\/index.php?rest_route=\/wp\/v2\/pages\/534\/revisions\/6851"}],"wp:attachment":[{"href":"https:\/\/regina.lukianto.de\/index.php?rest_route=%2Fwp%2Fv2%2Fmedia&parent=534"}],"curies":[{"name":"wp","href":"https:\/\/api.w.org\/{rel}","templated":true}]}}