{"id":3964,"date":"2021-10-22T11:23:56","date_gmt":"2021-10-22T09:23:56","guid":{"rendered":"https:\/\/regina.lukianto.de\/?page_id=3964"},"modified":"2024-02-18T16:34:50","modified_gmt":"2024-02-18T15:34:50","slug":"fuer-einzelpersonen-paare-gruppen-und-teams","status":"publish","type":"page","link":"https:\/\/regina.lukianto.de\/?page_id=3964","title":{"rendered":"Mediale Lebensberatung und Innere Friedensarbeit"},"content":{"rendered":"<p><img decoding=\"async\" src=\"https:\/\/regina.lukianto.de\/wp-content\/uploads\/elementor\/thumbs\/regina-lukianto_medium-fuer-jenseitskontakte_menden_maerkischer-kreis-_logo-neu_bild_web186x178-b-1-qc08exb26q8fq1bahafx0fpf61231bbmedzguhb2ag.png\" title=\"medium-regina-lukianto_logo-neu_bild_web186x178-b\" alt=\"medium-regina-lukianto_logo-neu_bild_web186x178-b\" loading=\"lazy\" \/>\t\t\t\t\t\t\t\t\t\t\t\t\t\t\t<\/p>\n<h2>Mediale Lebensberatung und Innere Friedensarbeit<\/h2>\n<h4>Vertrauen in das Nicht-Sichtbare<\/h4>\n<p>\t\t\t\t\t\t\tIn der heutigen Welt sind Sie eingebunden in sehr komplexe Systeme. Sie w\u00fcnschen sich dringend den Durch- und \u00dcberblick \u00fcber Ihre Lebensthemen. Sie m\u00f6chten sich selbst verstehen und machen sich auf die Suche nach einem Weg zu mehr Klarheit und Orientierung, auf den Weg zu sich selbst. <\/p>\n<p>Hier unterst\u00fctze ich Sie mithilfe der geistigen Welt, schaue mit Ihnen auf Ihre Potentiale, die Sie in dieses Leben mitgebracht haben, biete Ihnen spirituelle Impulse mit denen Sie selbst weiterarbeiten k\u00f6nnen.<\/p>\n<blockquote>\n<p><b>Harmonie ist eine wundervolle Sache, aber bei weitem nicht so machtvoll wie Bewusstsein und Achtsamkeit.<br \/><\/b><\/p>\n<h4>Arnold Mindell<small><\/small><\/h4>\n<\/blockquote>\n","protected":false},"excerpt":{"rendered":"<p>Mediale Lebensberatung und Innere Friedensarbeit Vertrauen in das Nicht-Sichtbare In der &#8230; <\/p>\n","protected":false},"author":3,"featured_media":5640,"parent":0,"menu_order":0,"comment_status":"closed","ping_status":"closed","template":"","meta":{"footnotes":""},"class_list":["post-3964","page","type-page","status-publish","has-post-thumbnail","hentry"],"yoast_head":"<!-- This site is optimized with the Yoast SEO plugin v27.5 - https:\/\/yoast.com\/product\/yoast-seo-wordpress\/ -->\n<title>Mediale Lebensberatung und Innere Friedensarbeit &#8211; Regina Lukianto<\/title>\n<meta name=\"description\" content=\"Sie m\u00f6chten Frieden mit sich selbst und Ihrer Geschichte schlie\u00dfen. Ich mache mich mit Ihnen auf den Weg \u2026\" \/>\n<meta name=\"robots\" content=\"index, follow, max-snippet:-1, max-image-preview:large, max-video-preview:-1\" \/>\n<link rel=\"canonical\" href=\"https:\/\/regina.lukianto.de\/?page_id=3964\" \/>\n<meta property=\"og:locale\" content=\"de_DE\" \/>\n<meta property=\"og:type\" content=\"article\" \/>\n<meta property=\"og:title\" content=\"Mediale Lebensberatung und Innere Friedensarbeit &#8211; Regina Lukianto\" \/>\n<meta property=\"og:description\" content=\"Sie m\u00f6chten Frieden mit sich selbst und Ihrer Geschichte schlie\u00dfen. Ich mache mich mit Ihnen auf den Weg \u2026\" \/>\n<meta property=\"og:url\" content=\"https:\/\/regina.lukianto.de\/?page_id=3964\" \/>\n<meta property=\"og:site_name\" content=\"Regina Lukianto\" \/>\n<meta property=\"article:modified_time\" content=\"2024-02-18T15:34:50+00:00\" \/>\n<meta property=\"og:image\" content=\"https:\/\/regina.lukianto.de\/wp-content\/uploads\/2021\/11\/regina-lukianto_medium-fuer-jenseitskontakte_menden_maerkischer-kreis-_photo_2021-11-15_08-18-27.jpg\" \/>\n\t<meta property=\"og:image:width\" content=\"1280\" \/>\n\t<meta property=\"og:image:height\" content=\"960\" \/>\n\t<meta property=\"og:image:type\" content=\"image\/jpeg\" \/>\n<meta name=\"twitter:card\" content=\"summary_large_image\" \/>\n<meta name=\"twitter:label1\" content=\"Gesch\u00e4tzte Lesezeit\" \/>\n\t<meta name=\"twitter:data1\" content=\"1\u00a0Minute\" \/>\n<script type=\"application\/ld+json\" class=\"yoast-schema-graph\">{\"@context\":\"https:\\\/\\\/schema.org\",\"@graph\":[{\"@type\":\"WebPage\",\"@id\":\"https:\\\/\\\/regina.lukianto.de\\\/?page_id=3964\",\"url\":\"https:\\\/\\\/regina.lukianto.de\\\/?page_id=3964\",\"name\":\"Mediale Lebensberatung und Innere Friedensarbeit &#8211; Regina Lukianto\",\"isPartOf\":{\"@id\":\"https:\\\/\\\/regina.lukianto.de\\\/#website\"},\"primaryImageOfPage\":{\"@id\":\"https:\\\/\\\/regina.lukianto.de\\\/?page_id=3964#primaryimage\"},\"image\":{\"@id\":\"https:\\\/\\\/regina.lukianto.de\\\/?page_id=3964#primaryimage\"},\"thumbnailUrl\":\"https:\\\/\\\/regina.lukianto.de\\\/wp-content\\\/uploads\\\/2021\\\/11\\\/regina-lukianto_medium-fuer-jenseitskontakte_menden_maerkischer-kreis-_photo_2021-11-15_08-18-27.jpg\",\"datePublished\":\"2021-10-22T09:23:56+00:00\",\"dateModified\":\"2024-02-18T15:34:50+00:00\",\"description\":\"Sie m\u00f6chten Frieden mit sich selbst und Ihrer Geschichte schlie\u00dfen. Ich mache mich mit Ihnen auf den Weg \u2026\",\"breadcrumb\":{\"@id\":\"https:\\\/\\\/regina.lukianto.de\\\/?page_id=3964#breadcrumb\"},\"inLanguage\":\"de\",\"potentialAction\":[{\"@type\":\"ReadAction\",\"target\":[\"https:\\\/\\\/regina.lukianto.de\\\/?page_id=3964\"]}]},{\"@type\":\"ImageObject\",\"inLanguage\":\"de\",\"@id\":\"https:\\\/\\\/regina.lukianto.de\\\/?page_id=3964#primaryimage\",\"url\":\"https:\\\/\\\/regina.lukianto.de\\\/wp-content\\\/uploads\\\/2021\\\/11\\\/regina-lukianto_medium-fuer-jenseitskontakte_menden_maerkischer-kreis-_photo_2021-11-15_08-18-27.jpg\",\"contentUrl\":\"https:\\\/\\\/regina.lukianto.de\\\/wp-content\\\/uploads\\\/2021\\\/11\\\/regina-lukianto_medium-fuer-jenseitskontakte_menden_maerkischer-kreis-_photo_2021-11-15_08-18-27.jpg\",\"width\":1280,\"height\":960,\"caption\":\"Lichtbringer\"},{\"@type\":\"BreadcrumbList\",\"@id\":\"https:\\\/\\\/regina.lukianto.de\\\/?page_id=3964#breadcrumb\",\"itemListElement\":[{\"@type\":\"ListItem\",\"position\":1,\"name\":\"Startseite\",\"item\":\"https:\\\/\\\/regina.lukianto.de\\\/\"},{\"@type\":\"ListItem\",\"position\":2,\"name\":\"Mediale Lebensberatung und Innere Friedensarbeit\"}]},{\"@type\":\"WebSite\",\"@id\":\"https:\\\/\\\/regina.lukianto.de\\\/#website\",\"url\":\"https:\\\/\\\/regina.lukianto.de\\\/\",\"name\":\"Regina Lukianto\",\"description\":\"Coaching - Supervision - Spirituelle Begleitung\",\"publisher\":{\"@id\":\"https:\\\/\\\/regina.lukianto.de\\\/#\\\/schema\\\/person\\\/e3bf0be64e4431d35e0c1d61fc88dfa4\"},\"potentialAction\":[{\"@type\":\"SearchAction\",\"target\":{\"@type\":\"EntryPoint\",\"urlTemplate\":\"https:\\\/\\\/regina.lukianto.de\\\/?s={search_term_string}\"},\"query-input\":{\"@type\":\"PropertyValueSpecification\",\"valueRequired\":true,\"valueName\":\"search_term_string\"}}],\"inLanguage\":\"de\"},{\"@type\":[\"Person\",\"Organization\"],\"@id\":\"https:\\\/\\\/regina.lukianto.de\\\/#\\\/schema\\\/person\\\/e3bf0be64e4431d35e0c1d61fc88dfa4\",\"name\":\"Regina\",\"logo\":{\"@id\":\"https:\\\/\\\/regina.lukianto.de\\\/#\\\/schema\\\/person\\\/image\\\/\"}}]}<\/script>\n<!-- \/ Yoast SEO plugin. -->","yoast_head_json":{"title":"Mediale Lebensberatung und Innere Friedensarbeit &#8211; Regina Lukianto","description":"Sie m\u00f6chten Frieden mit sich selbst und Ihrer Geschichte schlie\u00dfen. Ich mache mich mit Ihnen auf den Weg \u2026","robots":{"index":"index","follow":"follow","max-snippet":"max-snippet:-1","max-image-preview":"max-image-preview:large","max-video-preview":"max-video-preview:-1"},"canonical":"https:\/\/regina.lukianto.de\/?page_id=3964","og_locale":"de_DE","og_type":"article","og_title":"Mediale Lebensberatung und Innere Friedensarbeit &#8211; Regina Lukianto","og_description":"Sie m\u00f6chten Frieden mit sich selbst und Ihrer Geschichte schlie\u00dfen. Ich mache mich mit Ihnen auf den Weg \u2026","og_url":"https:\/\/regina.lukianto.de\/?page_id=3964","og_site_name":"Regina Lukianto","article_modified_time":"2024-02-18T15:34:50+00:00","og_image":[{"width":1280,"height":960,"url":"https:\/\/regina.lukianto.de\/wp-content\/uploads\/2021\/11\/regina-lukianto_medium-fuer-jenseitskontakte_menden_maerkischer-kreis-_photo_2021-11-15_08-18-27.jpg","type":"image\/jpeg"}],"twitter_card":"summary_large_image","twitter_misc":{"Gesch\u00e4tzte Lesezeit":"1\u00a0Minute"},"schema":{"@context":"https:\/\/schema.org","@graph":[{"@type":"WebPage","@id":"https:\/\/regina.lukianto.de\/?page_id=3964","url":"https:\/\/regina.lukianto.de\/?page_id=3964","name":"Mediale Lebensberatung und Innere Friedensarbeit &#8211; Regina Lukianto","isPartOf":{"@id":"https:\/\/regina.lukianto.de\/#website"},"primaryImageOfPage":{"@id":"https:\/\/regina.lukianto.de\/?page_id=3964#primaryimage"},"image":{"@id":"https:\/\/regina.lukianto.de\/?page_id=3964#primaryimage"},"thumbnailUrl":"https:\/\/regina.lukianto.de\/wp-content\/uploads\/2021\/11\/regina-lukianto_medium-fuer-jenseitskontakte_menden_maerkischer-kreis-_photo_2021-11-15_08-18-27.jpg","datePublished":"2021-10-22T09:23:56+00:00","dateModified":"2024-02-18T15:34:50+00:00","description":"Sie m\u00f6chten Frieden mit sich selbst und Ihrer Geschichte schlie\u00dfen. Ich mache mich mit Ihnen auf den Weg \u2026","breadcrumb":{"@id":"https:\/\/regina.lukianto.de\/?page_id=3964#breadcrumb"},"inLanguage":"de","potentialAction":[{"@type":"ReadAction","target":["https:\/\/regina.lukianto.de\/?page_id=3964"]}]},{"@type":"ImageObject","inLanguage":"de","@id":"https:\/\/regina.lukianto.de\/?page_id=3964#primaryimage","url":"https:\/\/regina.lukianto.de\/wp-content\/uploads\/2021\/11\/regina-lukianto_medium-fuer-jenseitskontakte_menden_maerkischer-kreis-_photo_2021-11-15_08-18-27.jpg","contentUrl":"https:\/\/regina.lukianto.de\/wp-content\/uploads\/2021\/11\/regina-lukianto_medium-fuer-jenseitskontakte_menden_maerkischer-kreis-_photo_2021-11-15_08-18-27.jpg","width":1280,"height":960,"caption":"Lichtbringer"},{"@type":"BreadcrumbList","@id":"https:\/\/regina.lukianto.de\/?page_id=3964#breadcrumb","itemListElement":[{"@type":"ListItem","position":1,"name":"Startseite","item":"https:\/\/regina.lukianto.de\/"},{"@type":"ListItem","position":2,"name":"Mediale Lebensberatung und Innere Friedensarbeit"}]},{"@type":"WebSite","@id":"https:\/\/regina.lukianto.de\/#website","url":"https:\/\/regina.lukianto.de\/","name":"Regina Lukianto","description":"Coaching - Supervision - Spirituelle Begleitung","publisher":{"@id":"https:\/\/regina.lukianto.de\/#\/schema\/person\/e3bf0be64e4431d35e0c1d61fc88dfa4"},"potentialAction":[{"@type":"SearchAction","target":{"@type":"EntryPoint","urlTemplate":"https:\/\/regina.lukianto.de\/?s={search_term_string}"},"query-input":{"@type":"PropertyValueSpecification","valueRequired":true,"valueName":"search_term_string"}}],"inLanguage":"de"},{"@type":["Person","Organization"],"@id":"https:\/\/regina.lukianto.de\/#\/schema\/person\/e3bf0be64e4431d35e0c1d61fc88dfa4","name":"Regina","logo":{"@id":"https:\/\/regina.lukianto.de\/#\/schema\/person\/image\/"}}]}},"_links":{"self":[{"href":"https:\/\/regina.lukianto.de\/index.php?rest_route=\/wp\/v2\/pages\/3964","targetHints":{"allow":["GET"]}}],"collection":[{"href":"https:\/\/regina.lukianto.de\/index.php?rest_route=\/wp\/v2\/pages"}],"about":[{"href":"https:\/\/regina.lukianto.de\/index.php?rest_route=\/wp\/v2\/types\/page"}],"author":[{"embeddable":true,"href":"https:\/\/regina.lukianto.de\/index.php?rest_route=\/wp\/v2\/users\/3"}],"replies":[{"embeddable":true,"href":"https:\/\/regina.lukianto.de\/index.php?rest_route=%2Fwp%2Fv2%2Fcomments&post=3964"}],"version-history":[{"count":308,"href":"https:\/\/regina.lukianto.de\/index.php?rest_route=\/wp\/v2\/pages\/3964\/revisions"}],"predecessor-version":[{"id":6731,"href":"https:\/\/regina.lukianto.de\/index.php?rest_route=\/wp\/v2\/pages\/3964\/revisions\/6731"}],"wp:featuredmedia":[{"embeddable":true,"href":"https:\/\/regina.lukianto.de\/index.php?rest_route=\/wp\/v2\/media\/5640"}],"wp:attachment":[{"href":"https:\/\/regina.lukianto.de\/index.php?rest_route=%2Fwp%2Fv2%2Fmedia&parent=3964"}],"curies":[{"name":"wp","href":"https:\/\/api.w.org\/{rel}","templated":true}]}}