{"id":3859,"date":"2021-10-22T10:09:24","date_gmt":"2021-10-22T08:09:24","guid":{"rendered":"https:\/\/regina.lukianto.de\/?page_id=3859"},"modified":"2023-09-11T11:10:49","modified_gmt":"2023-09-11T09:10:49","slug":"coaching-supervision","status":"publish","type":"page","link":"https:\/\/regina.lukianto.de\/?page_id=3859","title":{"rendered":"Supervision \/ Coaching"},"content":{"rendered":"\t\t<div data-elementor-type=\"wp-page\" data-elementor-id=\"3859\" class=\"elementor elementor-3859\">\n\t\t\t\t\t\t<section class=\"elementor-section elementor-top-section elementor-element elementor-element-45b3a0cb elementor-section-boxed elementor-section-height-default elementor-section-height-default\" data-id=\"45b3a0cb\" data-element_type=\"section\" data-e-type=\"section\">\n\t\t\t\t\t\t<div class=\"elementor-container elementor-column-gap-default\">\n\t\t\t\t\t<div class=\"elementor-column elementor-col-100 elementor-top-column elementor-element elementor-element-49c0031c\" data-id=\"49c0031c\" data-element_type=\"column\" data-e-type=\"column\">\n\t\t\t<div class=\"elementor-widget-wrap elementor-element-populated\">\n\t\t\t\t\t\t<section class=\"elementor-section elementor-inner-section elementor-element elementor-element-6753978d elementor-section-boxed elementor-section-height-default elementor-section-height-default\" data-id=\"6753978d\" data-element_type=\"section\" data-e-type=\"section\">\n\t\t\t\t\t\t<div class=\"elementor-container elementor-column-gap-default\">\n\t\t\t\t\t<div class=\"elementor-column elementor-col-33 elementor-inner-column elementor-element elementor-element-2f5e6349\" data-id=\"2f5e6349\" data-element_type=\"column\" data-e-type=\"column\">\n\t\t\t<div class=\"elementor-widget-wrap elementor-element-populated\">\n\t\t\t\t\t\t<div class=\"elementor-element elementor-element-3fb943d5 elementor-widget elementor-widget-image\" data-id=\"3fb943d5\" data-element_type=\"widget\" data-e-type=\"widget\" data-widget_type=\"image.default\">\n\t\t\t\t<div class=\"elementor-widget-container\">\n\t\t\t\t\t\t\t\t\t\t\t\t\t\t\t<img decoding=\"async\" src=\"https:\/\/regina.lukianto.de\/wp-content\/uploads\/elementor\/thumbs\/regina-lukianto_medium-fuer-jenseitskontakte_menden_maerkischer-kreis-_logo-neu_bild_web186x178-b-1-qc08exb26q8fq1bahafx0fpf61231bbmedzguhb2ag.png\" title=\"medium-regina-lukianto_logo-neu_bild_web186x178-b\" alt=\"medium-regina-lukianto_logo-neu_bild_web186x178-b\" loading=\"lazy\" \/>\t\t\t\t\t\t\t\t\t\t\t\t\t\t\t<\/div>\n\t\t\t\t<\/div>\n\t\t\t\t<div class=\"elementor-element elementor-element-9d11038 elementor-widget elementor-widget-text-editor\" data-id=\"9d11038\" data-element_type=\"widget\" data-e-type=\"widget\" data-widget_type=\"text-editor.default\">\n\t\t\t\t<div class=\"elementor-widget-container\">\n\t\t\t\t\t\t\t\t\t<h2>Supervision<\/h2>\t\t\t\t\t\t\t\t<\/div>\n\t\t\t\t<\/div>\n\t\t\t\t<div class=\"elementor-element elementor-element-d20efbf elementor-widget elementor-widget-testimonial\" data-id=\"d20efbf\" data-element_type=\"widget\" data-e-type=\"widget\" data-widget_type=\"testimonial.default\">\n\t\t\t\t<div class=\"elementor-widget-container\">\n\t\t\t\t\t\t\t<div class=\"elementor-testimonial-wrapper\">\n\t\t\t\t\t\t\t<div class=\"elementor-testimonial-content\">In der Supervision nehme ich Sie mit, einen Blick von oben auf ihre berufliche Situation zu werfen. Dieser gemeinsame Blick erm\u00f6glicht Distanz, ver\u00e4ndert oft Bewertungen eines aktuellen Geschehens und macht offen f\u00fcr neue Handlungsm\u00f6glichkeiten.<br><br><\/div>\n\t\t\t\n\t\t\t\t\t<\/div>\n\t\t\t\t\t\t<\/div>\n\t\t\t\t<\/div>\n\t\t\t\t<div class=\"elementor-element elementor-element-2f01a5f elementor-align-center elementor-widget elementor-widget-button\" data-id=\"2f01a5f\" data-element_type=\"widget\" data-e-type=\"widget\" data-widget_type=\"button.default\">\n\t\t\t\t<div class=\"elementor-widget-container\">\n\t\t\t\t\t\t\t\t\t<div class=\"elementor-button-wrapper\">\n\t\t\t\t\t<a class=\"elementor-button elementor-button-link elementor-size-sm\" href=\"mailto:beratung@regina.lukianto.de\">\n\t\t\t\t\t\t<span class=\"elementor-button-content-wrapper\">\n\t\t\t\t\t\t<span class=\"elementor-button-icon\">\n\t\t\t\t<i aria-hidden=\"true\" class=\"far fa-envelope\"><\/i>\t\t\t<\/span>\n\t\t\t\t\t\t\t\t\t<span class=\"elementor-button-text\">F\u00fcr Einzelpersonen, Paare und Gruppen<\/span>\n\t\t\t\t\t<\/span>\n\t\t\t\t\t<\/a>\n\t\t\t\t<\/div>\n\t\t\t\t\t\t\t\t<\/div>\n\t\t\t\t<\/div>\n\t\t\t\t\t<\/div>\n\t\t<\/div>\n\t\t\t\t<div class=\"elementor-column elementor-col-33 elementor-inner-column elementor-element elementor-element-55d83570\" data-id=\"55d83570\" data-element_type=\"column\" data-e-type=\"column\">\n\t\t\t<div class=\"elementor-widget-wrap\">\n\t\t\t\t\t\t\t<\/div>\n\t\t<\/div>\n\t\t\t\t<div class=\"elementor-column elementor-col-33 elementor-inner-column elementor-element elementor-element-19323363\" data-id=\"19323363\" data-element_type=\"column\" data-e-type=\"column\" data-settings=\"{&quot;background_background&quot;:&quot;classic&quot;}\">\n\t\t\t<div class=\"elementor-widget-wrap\">\n\t\t\t\t\t\t\t<\/div>\n\t\t<\/div>\n\t\t\t\t\t<\/div>\n\t\t<\/section>\n\t\t\t\t<div class=\"elementor-element elementor-element-c15d9ba elementor-widget elementor-widget-spacer\" data-id=\"c15d9ba\" data-element_type=\"widget\" data-e-type=\"widget\" data-widget_type=\"spacer.default\">\n\t\t\t\t<div class=\"elementor-widget-container\">\n\t\t\t\t\t\t\t<div class=\"elementor-spacer\">\n\t\t\t<div class=\"elementor-spacer-inner\"><\/div>\n\t\t<\/div>\n\t\t\t\t\t\t<\/div>\n\t\t\t\t<\/div>\n\t\t\t\t\t<\/div>\n\t\t<\/div>\n\t\t\t\t\t<\/div>\n\t\t<\/section>\n\t\t\t\t<section class=\"elementor-section elementor-top-section elementor-element elementor-element-de98fdd elementor-section-boxed elementor-section-height-default elementor-section-height-default\" data-id=\"de98fdd\" data-element_type=\"section\" data-e-type=\"section\">\n\t\t\t\t\t\t<div class=\"elementor-container elementor-column-gap-default\">\n\t\t\t\t\t<div class=\"elementor-column elementor-col-100 elementor-top-column elementor-element elementor-element-391a352\" data-id=\"391a352\" data-element_type=\"column\" data-e-type=\"column\">\n\t\t\t<div class=\"elementor-widget-wrap elementor-element-populated\">\n\t\t\t\t\t\t<div class=\"elementor-element elementor-element-4f6f200 elementor-widget elementor-widget-cz_free_line\" data-id=\"4f6f200\" data-element_type=\"widget\" data-e-type=\"widget\" data-widget_type=\"cz_free_line.default\">\n\t\t\t\t<div class=\"elementor-widget-container\">\n\t\t\t\t\t\t\t<div class=\"relative\">\r\n\t\t\t<div  class=\"cz_line tac\"><\/div>\r\n\t\t<\/div>\r\n\t\t<div class=\"clr\"><\/div>\r\n\t\t\t\t\t\t<\/div>\n\t\t\t\t<\/div>\n\t\t\t\t<div class=\"elementor-element elementor-element-aa6619f elementor-widget elementor-widget-spacer\" data-id=\"aa6619f\" data-element_type=\"widget\" data-e-type=\"widget\" data-widget_type=\"spacer.default\">\n\t\t\t\t<div class=\"elementor-widget-container\">\n\t\t\t\t\t\t\t<div class=\"elementor-spacer\">\n\t\t\t<div class=\"elementor-spacer-inner\"><\/div>\n\t\t<\/div>\n\t\t\t\t\t\t<\/div>\n\t\t\t\t<\/div>\n\t\t\t\t<section class=\"elementor-section elementor-inner-section elementor-element elementor-element-c2744e5 elementor-section-content-middle elementor-section-boxed elementor-section-height-default elementor-section-height-default\" data-id=\"c2744e5\" data-element_type=\"section\" data-e-type=\"section\">\n\t\t\t\t\t\t<div class=\"elementor-container elementor-column-gap-default\">\n\t\t\t\t\t<div class=\"elementor-column elementor-col-33 elementor-inner-column elementor-element elementor-element-e1384c7\" data-id=\"e1384c7\" data-element_type=\"column\" data-e-type=\"column\">\n\t\t\t<div class=\"elementor-widget-wrap\">\n\t\t\t\t\t\t\t<\/div>\n\t\t<\/div>\n\t\t\t\t<div class=\"elementor-column elementor-col-33 elementor-inner-column elementor-element elementor-element-3414257\" data-id=\"3414257\" data-element_type=\"column\" data-e-type=\"column\">\n\t\t\t<div class=\"elementor-widget-wrap elementor-element-populated\">\n\t\t\t\t\t\t<div class=\"elementor-element elementor-element-2dc7683 elementor-widget elementor-widget-cz_quote\" data-id=\"2dc7683\" data-element_type=\"widget\" data-e-type=\"widget\" data-widget_type=\"cz_quote.default\">\n\t\t\t\t<div class=\"elementor-widget-container\">\n\t\t\t\t\t\t\t<div class=\"cz_quote\">\r\n\t\t<blockquote><i class=\"fa fa-quote-left cz_quote_shape hidden\"><\/i><div class=\"cz_quote_content cz_wpe_content\"><p><b>Wenn du etwas haben willst, was du noch nie gehabt hast, dann musst du etwas tun, was du noch nie getan hast. <br \/><\/b><\/p><\/div><div class=\"cz_quote_info\"><h4>(Orientalische Weisheit)<small><\/small><\/h4><\/div><\/blockquote>\t\t<\/div>\r\n\t\t\t\t\t\t<\/div>\n\t\t\t\t<\/div>\n\t\t\t\t\t<\/div>\n\t\t<\/div>\n\t\t\t\t<div class=\"elementor-column elementor-col-33 elementor-inner-column elementor-element elementor-element-bab3318\" data-id=\"bab3318\" data-element_type=\"column\" data-e-type=\"column\">\n\t\t\t<div class=\"elementor-widget-wrap\">\n\t\t\t\t\t\t\t<\/div>\n\t\t<\/div>\n\t\t\t\t\t<\/div>\n\t\t<\/section>\n\t\t\t\t<div class=\"elementor-element elementor-element-e81391b elementor-widget elementor-widget-spacer\" data-id=\"e81391b\" data-element_type=\"widget\" data-e-type=\"widget\" data-widget_type=\"spacer.default\">\n\t\t\t\t<div class=\"elementor-widget-container\">\n\t\t\t\t\t\t\t<div class=\"elementor-spacer\">\n\t\t\t<div class=\"elementor-spacer-inner\"><\/div>\n\t\t<\/div>\n\t\t\t\t\t\t<\/div>\n\t\t\t\t<\/div>\n\t\t\t\t<div class=\"elementor-element elementor-element-ec4dda8 elementor-widget elementor-widget-cz_free_line\" data-id=\"ec4dda8\" data-element_type=\"widget\" data-e-type=\"widget\" data-widget_type=\"cz_free_line.default\">\n\t\t\t\t<div class=\"elementor-widget-container\">\n\t\t\t\t\t\t\t<div class=\"relative\">\r\n\t\t\t<div  class=\"cz_line tac\"><\/div>\r\n\t\t<\/div>\r\n\t\t<div class=\"clr\"><\/div>\r\n\t\t\t\t\t\t<\/div>\n\t\t\t\t<\/div>\n\t\t\t\t<div class=\"elementor-element elementor-element-f278001 elementor-widget elementor-widget-spacer\" data-id=\"f278001\" data-element_type=\"widget\" data-e-type=\"widget\" data-widget_type=\"spacer.default\">\n\t\t\t\t<div class=\"elementor-widget-container\">\n\t\t\t\t\t\t\t<div class=\"elementor-spacer\">\n\t\t\t<div class=\"elementor-spacer-inner\"><\/div>\n\t\t<\/div>\n\t\t\t\t\t\t<\/div>\n\t\t\t\t<\/div>\n\t\t\t\t\t<\/div>\n\t\t<\/div>\n\t\t\t\t\t<\/div>\n\t\t<\/section>\n\t\t\t\t<\/div>\n\t\t","protected":false},"excerpt":{"rendered":"<p>Supervision In der Supervision nehme ich Sie mit, einen Blick von &#8230; <\/p>\n","protected":false},"author":3,"featured_media":0,"parent":0,"menu_order":0,"comment_status":"closed","ping_status":"closed","template":"","meta":{"footnotes":""},"class_list":["post-3859","page","type-page","status-publish","hentry"],"yoast_head":"<!-- This site is optimized with the Yoast SEO plugin v27.5 - https:\/\/yoast.com\/product\/yoast-seo-wordpress\/ -->\n<title>Supervision \/ Coaching &#8211; Regina Lukianto<\/title>\n<meta name=\"description\" content=\"In der Supervision begleite ich Ihren pers\u00f6nlichen Entwicklungsweg und biete Ihnen den liebevollen Rahmen und eine gut gesch\u00fctzte Atmosph\u00e4re,\u2026 f\u00fcr Ihre innere Arbeit.\" \/>\n<meta name=\"robots\" content=\"index, follow, max-snippet:-1, max-image-preview:large, max-video-preview:-1\" \/>\n<link rel=\"canonical\" href=\"https:\/\/regina.lukianto.de\/?page_id=3859\" \/>\n<meta property=\"og:locale\" content=\"de_DE\" \/>\n<meta property=\"og:type\" content=\"article\" \/>\n<meta property=\"og:title\" content=\"Supervision \/ Coaching &#8211; Regina Lukianto\" \/>\n<meta property=\"og:description\" content=\"In der Supervision begleite ich Ihren pers\u00f6nlichen Entwicklungsweg und biete Ihnen den liebevollen Rahmen und eine gut gesch\u00fctzte Atmosph\u00e4re,\u2026 f\u00fcr Ihre innere Arbeit.\" \/>\n<meta property=\"og:url\" content=\"https:\/\/regina.lukianto.de\/?page_id=3859\" \/>\n<meta property=\"og:site_name\" content=\"Regina Lukianto\" \/>\n<meta property=\"article:modified_time\" content=\"2023-09-11T09:10:49+00:00\" \/>\n<meta property=\"og:image\" content=\"https:\/\/regina.lukianto.de\/wp-content\/uploads\/elementor\/thumbs\/regina-lukianto_medium-fuer-jenseitskontakte_menden_maerkischer-kreis-_logo-neu_bild_web186x178-b-1-qc08exb26q8fq1bahafx0fpf61231bbmedzguhb2ag.png\" \/>\n<meta name=\"twitter:card\" content=\"summary_large_image\" \/>\n<meta name=\"twitter:label1\" content=\"Gesch\u00e4tzte Lesezeit\" \/>\n\t<meta name=\"twitter:data1\" content=\"1\u00a0Minute\" \/>\n<script type=\"application\/ld+json\" class=\"yoast-schema-graph\">{\"@context\":\"https:\\\/\\\/schema.org\",\"@graph\":[{\"@type\":\"WebPage\",\"@id\":\"https:\\\/\\\/regina.lukianto.de\\\/?page_id=3859\",\"url\":\"https:\\\/\\\/regina.lukianto.de\\\/?page_id=3859\",\"name\":\"Supervision \\\/ Coaching &#8211; Regina Lukianto\",\"isPartOf\":{\"@id\":\"https:\\\/\\\/regina.lukianto.de\\\/#website\"},\"primaryImageOfPage\":{\"@id\":\"https:\\\/\\\/regina.lukianto.de\\\/?page_id=3859#primaryimage\"},\"image\":{\"@id\":\"https:\\\/\\\/regina.lukianto.de\\\/?page_id=3859#primaryimage\"},\"thumbnailUrl\":\"https:\\\/\\\/regina.lukianto.de\\\/wp-content\\\/uploads\\\/elementor\\\/thumbs\\\/regina-lukianto_medium-fuer-jenseitskontakte_menden_maerkischer-kreis-_logo-neu_bild_web186x178-b-1-qc08exb26q8fq1bahafx0fpf61231bbmedzguhb2ag.png\",\"datePublished\":\"2021-10-22T08:09:24+00:00\",\"dateModified\":\"2023-09-11T09:10:49+00:00\",\"description\":\"In der Supervision begleite ich Ihren pers\u00f6nlichen Entwicklungsweg und biete Ihnen den liebevollen Rahmen und eine gut gesch\u00fctzte Atmosph\u00e4re,\u2026 f\u00fcr Ihre innere Arbeit.\",\"breadcrumb\":{\"@id\":\"https:\\\/\\\/regina.lukianto.de\\\/?page_id=3859#breadcrumb\"},\"inLanguage\":\"de\",\"potentialAction\":[{\"@type\":\"ReadAction\",\"target\":[\"https:\\\/\\\/regina.lukianto.de\\\/?page_id=3859\"]}]},{\"@type\":\"ImageObject\",\"inLanguage\":\"de\",\"@id\":\"https:\\\/\\\/regina.lukianto.de\\\/?page_id=3859#primaryimage\",\"url\":\"https:\\\/\\\/regina.lukianto.de\\\/wp-content\\\/uploads\\\/elementor\\\/thumbs\\\/regina-lukianto_medium-fuer-jenseitskontakte_menden_maerkischer-kreis-_logo-neu_bild_web186x178-b-1-qc08exb26q8fq1bahafx0fpf61231bbmedzguhb2ag.png\",\"contentUrl\":\"https:\\\/\\\/regina.lukianto.de\\\/wp-content\\\/uploads\\\/elementor\\\/thumbs\\\/regina-lukianto_medium-fuer-jenseitskontakte_menden_maerkischer-kreis-_logo-neu_bild_web186x178-b-1-qc08exb26q8fq1bahafx0fpf61231bbmedzguhb2ag.png\"},{\"@type\":\"BreadcrumbList\",\"@id\":\"https:\\\/\\\/regina.lukianto.de\\\/?page_id=3859#breadcrumb\",\"itemListElement\":[{\"@type\":\"ListItem\",\"position\":1,\"name\":\"Startseite\",\"item\":\"https:\\\/\\\/regina.lukianto.de\\\/\"},{\"@type\":\"ListItem\",\"position\":2,\"name\":\"Supervision \\\/ Coaching\"}]},{\"@type\":\"WebSite\",\"@id\":\"https:\\\/\\\/regina.lukianto.de\\\/#website\",\"url\":\"https:\\\/\\\/regina.lukianto.de\\\/\",\"name\":\"Regina Lukianto\",\"description\":\"Coaching - Supervision - Spirituelle Begleitung\",\"publisher\":{\"@id\":\"https:\\\/\\\/regina.lukianto.de\\\/#\\\/schema\\\/person\\\/e3bf0be64e4431d35e0c1d61fc88dfa4\"},\"potentialAction\":[{\"@type\":\"SearchAction\",\"target\":{\"@type\":\"EntryPoint\",\"urlTemplate\":\"https:\\\/\\\/regina.lukianto.de\\\/?s={search_term_string}\"},\"query-input\":{\"@type\":\"PropertyValueSpecification\",\"valueRequired\":true,\"valueName\":\"search_term_string\"}}],\"inLanguage\":\"de\"},{\"@type\":[\"Person\",\"Organization\"],\"@id\":\"https:\\\/\\\/regina.lukianto.de\\\/#\\\/schema\\\/person\\\/e3bf0be64e4431d35e0c1d61fc88dfa4\",\"name\":\"Regina\",\"logo\":{\"@id\":\"https:\\\/\\\/regina.lukianto.de\\\/#\\\/schema\\\/person\\\/image\\\/\"}}]}<\/script>\n<!-- \/ Yoast SEO plugin. -->","yoast_head_json":{"title":"Supervision \/ Coaching &#8211; Regina Lukianto","description":"In der Supervision begleite ich Ihren pers\u00f6nlichen Entwicklungsweg und biete Ihnen den liebevollen Rahmen und eine gut gesch\u00fctzte Atmosph\u00e4re,\u2026 f\u00fcr Ihre innere Arbeit.","robots":{"index":"index","follow":"follow","max-snippet":"max-snippet:-1","max-image-preview":"max-image-preview:large","max-video-preview":"max-video-preview:-1"},"canonical":"https:\/\/regina.lukianto.de\/?page_id=3859","og_locale":"de_DE","og_type":"article","og_title":"Supervision \/ Coaching &#8211; Regina Lukianto","og_description":"In der Supervision begleite ich Ihren pers\u00f6nlichen Entwicklungsweg und biete Ihnen den liebevollen Rahmen und eine gut gesch\u00fctzte Atmosph\u00e4re,\u2026 f\u00fcr Ihre innere Arbeit.","og_url":"https:\/\/regina.lukianto.de\/?page_id=3859","og_site_name":"Regina Lukianto","article_modified_time":"2023-09-11T09:10:49+00:00","og_image":[{"url":"https:\/\/regina.lukianto.de\/wp-content\/uploads\/elementor\/thumbs\/regina-lukianto_medium-fuer-jenseitskontakte_menden_maerkischer-kreis-_logo-neu_bild_web186x178-b-1-qc08exb26q8fq1bahafx0fpf61231bbmedzguhb2ag.png","type":"","width":"","height":""}],"twitter_card":"summary_large_image","twitter_misc":{"Gesch\u00e4tzte Lesezeit":"1\u00a0Minute"},"schema":{"@context":"https:\/\/schema.org","@graph":[{"@type":"WebPage","@id":"https:\/\/regina.lukianto.de\/?page_id=3859","url":"https:\/\/regina.lukianto.de\/?page_id=3859","name":"Supervision \/ Coaching &#8211; Regina Lukianto","isPartOf":{"@id":"https:\/\/regina.lukianto.de\/#website"},"primaryImageOfPage":{"@id":"https:\/\/regina.lukianto.de\/?page_id=3859#primaryimage"},"image":{"@id":"https:\/\/regina.lukianto.de\/?page_id=3859#primaryimage"},"thumbnailUrl":"https:\/\/regina.lukianto.de\/wp-content\/uploads\/elementor\/thumbs\/regina-lukianto_medium-fuer-jenseitskontakte_menden_maerkischer-kreis-_logo-neu_bild_web186x178-b-1-qc08exb26q8fq1bahafx0fpf61231bbmedzguhb2ag.png","datePublished":"2021-10-22T08:09:24+00:00","dateModified":"2023-09-11T09:10:49+00:00","description":"In der Supervision begleite ich Ihren pers\u00f6nlichen Entwicklungsweg und biete Ihnen den liebevollen Rahmen und eine gut gesch\u00fctzte Atmosph\u00e4re,\u2026 f\u00fcr Ihre innere Arbeit.","breadcrumb":{"@id":"https:\/\/regina.lukianto.de\/?page_id=3859#breadcrumb"},"inLanguage":"de","potentialAction":[{"@type":"ReadAction","target":["https:\/\/regina.lukianto.de\/?page_id=3859"]}]},{"@type":"ImageObject","inLanguage":"de","@id":"https:\/\/regina.lukianto.de\/?page_id=3859#primaryimage","url":"https:\/\/regina.lukianto.de\/wp-content\/uploads\/elementor\/thumbs\/regina-lukianto_medium-fuer-jenseitskontakte_menden_maerkischer-kreis-_logo-neu_bild_web186x178-b-1-qc08exb26q8fq1bahafx0fpf61231bbmedzguhb2ag.png","contentUrl":"https:\/\/regina.lukianto.de\/wp-content\/uploads\/elementor\/thumbs\/regina-lukianto_medium-fuer-jenseitskontakte_menden_maerkischer-kreis-_logo-neu_bild_web186x178-b-1-qc08exb26q8fq1bahafx0fpf61231bbmedzguhb2ag.png"},{"@type":"BreadcrumbList","@id":"https:\/\/regina.lukianto.de\/?page_id=3859#breadcrumb","itemListElement":[{"@type":"ListItem","position":1,"name":"Startseite","item":"https:\/\/regina.lukianto.de\/"},{"@type":"ListItem","position":2,"name":"Supervision \/ Coaching"}]},{"@type":"WebSite","@id":"https:\/\/regina.lukianto.de\/#website","url":"https:\/\/regina.lukianto.de\/","name":"Regina Lukianto","description":"Coaching - Supervision - Spirituelle Begleitung","publisher":{"@id":"https:\/\/regina.lukianto.de\/#\/schema\/person\/e3bf0be64e4431d35e0c1d61fc88dfa4"},"potentialAction":[{"@type":"SearchAction","target":{"@type":"EntryPoint","urlTemplate":"https:\/\/regina.lukianto.de\/?s={search_term_string}"},"query-input":{"@type":"PropertyValueSpecification","valueRequired":true,"valueName":"search_term_string"}}],"inLanguage":"de"},{"@type":["Person","Organization"],"@id":"https:\/\/regina.lukianto.de\/#\/schema\/person\/e3bf0be64e4431d35e0c1d61fc88dfa4","name":"Regina","logo":{"@id":"https:\/\/regina.lukianto.de\/#\/schema\/person\/image\/"}}]}},"_links":{"self":[{"href":"https:\/\/regina.lukianto.de\/index.php?rest_route=\/wp\/v2\/pages\/3859","targetHints":{"allow":["GET"]}}],"collection":[{"href":"https:\/\/regina.lukianto.de\/index.php?rest_route=\/wp\/v2\/pages"}],"about":[{"href":"https:\/\/regina.lukianto.de\/index.php?rest_route=\/wp\/v2\/types\/page"}],"author":[{"embeddable":true,"href":"https:\/\/regina.lukianto.de\/index.php?rest_route=\/wp\/v2\/users\/3"}],"replies":[{"embeddable":true,"href":"https:\/\/regina.lukianto.de\/index.php?rest_route=%2Fwp%2Fv2%2Fcomments&post=3859"}],"version-history":[{"count":315,"href":"https:\/\/regina.lukianto.de\/index.php?rest_route=\/wp\/v2\/pages\/3859\/revisions"}],"predecessor-version":[{"id":6740,"href":"https:\/\/regina.lukianto.de\/index.php?rest_route=\/wp\/v2\/pages\/3859\/revisions\/6740"}],"wp:attachment":[{"href":"https:\/\/regina.lukianto.de\/index.php?rest_route=%2Fwp%2Fv2%2Fmedia&parent=3859"}],"curies":[{"name":"wp","href":"https:\/\/api.w.org\/{rel}","templated":true}]}}