{"id":3274,"date":"2020-10-25T11:21:58","date_gmt":"2020-10-25T10:21:58","guid":{"rendered":"https:\/\/regina.lukianto.de\/?page_id=3274"},"modified":"2023-09-11T11:09:29","modified_gmt":"2023-09-11T09:09:29","slug":"medium-fuer-jenseitskontakte","status":"publish","type":"page","link":"https:\/\/regina.lukianto.de\/?page_id=3274","title":{"rendered":"Medium f\u00fcr Jenseitskontakte"},"content":{"rendered":"\t\t<div data-elementor-type=\"wp-page\" data-elementor-id=\"3274\" class=\"elementor elementor-3274\">\n\t\t\t\t\t\t<section class=\"elementor-section elementor-top-section elementor-element elementor-element-79b6772b elementor-section-boxed elementor-section-height-default elementor-section-height-default\" data-id=\"79b6772b\" data-element_type=\"section\" data-e-type=\"section\">\n\t\t\t\t\t\t<div class=\"elementor-container elementor-column-gap-default\">\n\t\t\t\t\t<div class=\"elementor-column elementor-col-100 elementor-top-column elementor-element elementor-element-1f00be08\" data-id=\"1f00be08\" data-element_type=\"column\" data-e-type=\"column\">\n\t\t\t<div class=\"elementor-widget-wrap elementor-element-populated\">\n\t\t\t\t\t\t<section class=\"elementor-section elementor-inner-section elementor-element elementor-element-43bd9e81 elementor-section-boxed elementor-section-height-default elementor-section-height-default\" data-id=\"43bd9e81\" data-element_type=\"section\" data-e-type=\"section\">\n\t\t\t\t\t\t<div class=\"elementor-container elementor-column-gap-default\">\n\t\t\t\t\t<div class=\"elementor-column elementor-col-33 elementor-inner-column elementor-element elementor-element-4563260c\" data-id=\"4563260c\" data-element_type=\"column\" data-e-type=\"column\">\n\t\t\t<div class=\"elementor-widget-wrap elementor-element-populated\">\n\t\t\t\t\t\t<div class=\"elementor-element elementor-element-2bc64e5e elementor-widget elementor-widget-image\" data-id=\"2bc64e5e\" data-element_type=\"widget\" data-e-type=\"widget\" data-widget_type=\"image.default\">\n\t\t\t\t<div class=\"elementor-widget-container\">\n\t\t\t\t\t\t\t\t\t\t\t\t\t\t\t<img decoding=\"async\" src=\"https:\/\/regina.lukianto.de\/wp-content\/uploads\/elementor\/thumbs\/regina-lukianto_medium-fuer-jenseitskontakte_menden_maerkischer-kreis-_logo-neu_bild_web186x178-b-1-qc08exb26q8fq1bahafx0fpf61231bbmedzguhb2ag.png\" title=\"medium-regina-lukianto_logo-neu_bild_web186x178-b\" alt=\"medium-regina-lukianto_logo-neu_bild_web186x178-b\" loading=\"lazy\" \/>\t\t\t\t\t\t\t\t\t\t\t\t\t\t\t<\/div>\n\t\t\t\t<\/div>\n\t\t\t\t<div class=\"elementor-element elementor-element-2cc8fba elementor-widget elementor-widget-text-editor\" data-id=\"2cc8fba\" data-element_type=\"widget\" data-e-type=\"widget\" data-widget_type=\"text-editor.default\">\n\t\t\t\t<div class=\"elementor-widget-container\">\n\t\t\t\t\t\t\t\t\t<h2>Medium f\u00fcr Jenseitskontakte<\/h2>\t\t\t\t\t\t\t\t<\/div>\n\t\t\t\t<\/div>\n\t\t\t\t<div class=\"elementor-element elementor-element-b39e556 elementor-widget elementor-widget-testimonial\" data-id=\"b39e556\" data-element_type=\"widget\" data-e-type=\"widget\" data-widget_type=\"testimonial.default\">\n\t\t\t\t<div class=\"elementor-widget-container\">\n\t\t\t\t\t\t\t<div class=\"elementor-testimonial-wrapper\">\n\t\t\t\t\t\t\t<div class=\"elementor-testimonial-content\">Sie haben eine geliebte Person im Jenseits, die Sie sehr vermissen und  m\u00f6chten mit ihr in Kontakt  treten.  Oder es gab keine M\u00f6glichkeit sich von einer geliebten Person zu verabschieden. Manchmal geht es auch um Vers\u00f6hnung oder um einen Rat in einer aktuellen  Situation in Ihrem Leben. \nDie Verstorbenen wissen darum, was Sie bewegt. Dies l\u00e4sst immer wieder staunen.\n<br>\n<br>\n\n\nAls geschultes Medium nach dem britischen Spiritualismus (Paul Meek , Mediale Highschool) stelle ich mich als Kanal zur Verf\u00fcgung und nehme Kontakt auf zu Ihren Verstorbenen, die in die geistige Welt vorausgegangen sind. Ich \u00fcbermittle Informationen, die nur Sie betreffen  und die nur Sie best\u00e4tigen k\u00f6nnen. <br><br><\/div>\n\t\t\t\n\t\t\t\t\t<\/div>\n\t\t\t\t\t\t<\/div>\n\t\t\t\t<\/div>\n\t\t\t\t\t<\/div>\n\t\t<\/div>\n\t\t\t\t<div class=\"elementor-column elementor-col-33 elementor-inner-column elementor-element elementor-element-4b04e4cf\" data-id=\"4b04e4cf\" data-element_type=\"column\" data-e-type=\"column\">\n\t\t\t<div class=\"elementor-widget-wrap\">\n\t\t\t\t\t\t\t<\/div>\n\t\t<\/div>\n\t\t\t\t<div class=\"elementor-column elementor-col-33 elementor-inner-column elementor-element elementor-element-1df6c90c\" data-id=\"1df6c90c\" data-element_type=\"column\" data-e-type=\"column\" data-settings=\"{&quot;background_background&quot;:&quot;classic&quot;}\">\n\t\t\t<div class=\"elementor-widget-wrap\">\n\t\t\t\t\t\t\t<\/div>\n\t\t<\/div>\n\t\t\t\t\t<\/div>\n\t\t<\/section>\n\t\t\t\t\t<\/div>\n\t\t<\/div>\n\t\t\t\t\t<\/div>\n\t\t<\/section>\n\t\t\t\t<section class=\"elementor-section elementor-top-section elementor-element elementor-element-271513c0 elementor-section-boxed elementor-section-height-default elementor-section-height-default\" data-id=\"271513c0\" data-element_type=\"section\" data-e-type=\"section\">\n\t\t\t\t\t\t<div class=\"elementor-container elementor-column-gap-default\">\n\t\t\t\t\t<div class=\"elementor-column elementor-col-100 elementor-top-column elementor-element elementor-element-32c29b83\" data-id=\"32c29b83\" data-element_type=\"column\" data-e-type=\"column\">\n\t\t\t<div class=\"elementor-widget-wrap elementor-element-populated\">\n\t\t\t\t\t\t<div class=\"elementor-element elementor-element-39b3375c elementor-widget elementor-widget-cz_free_line\" data-id=\"39b3375c\" data-element_type=\"widget\" data-e-type=\"widget\" data-widget_type=\"cz_free_line.default\">\n\t\t\t\t<div class=\"elementor-widget-container\">\n\t\t\t\t\t\t\t<div class=\"relative\">\r\n\t\t\t<div  class=\"cz_line tac\"><\/div>\r\n\t\t<\/div>\r\n\t\t<div class=\"clr\"><\/div>\r\n\t\t\t\t\t\t<\/div>\n\t\t\t\t<\/div>\n\t\t\t\t<div class=\"elementor-element elementor-element-4c0ee63e elementor-widget elementor-widget-spacer\" data-id=\"4c0ee63e\" data-element_type=\"widget\" data-e-type=\"widget\" data-widget_type=\"spacer.default\">\n\t\t\t\t<div class=\"elementor-widget-container\">\n\t\t\t\t\t\t\t<div class=\"elementor-spacer\">\n\t\t\t<div class=\"elementor-spacer-inner\"><\/div>\n\t\t<\/div>\n\t\t\t\t\t\t<\/div>\n\t\t\t\t<\/div>\n\t\t\t\t<section class=\"elementor-section elementor-inner-section elementor-element elementor-element-7f0fe43c elementor-section-content-middle elementor-section-boxed elementor-section-height-default elementor-section-height-default\" data-id=\"7f0fe43c\" data-element_type=\"section\" data-e-type=\"section\">\n\t\t\t\t\t\t<div class=\"elementor-container elementor-column-gap-default\">\n\t\t\t\t\t<div class=\"elementor-column elementor-col-33 elementor-inner-column elementor-element elementor-element-33bfebff\" data-id=\"33bfebff\" data-element_type=\"column\" data-e-type=\"column\">\n\t\t\t<div class=\"elementor-widget-wrap\">\n\t\t\t\t\t\t\t<\/div>\n\t\t<\/div>\n\t\t\t\t<div class=\"elementor-column elementor-col-33 elementor-inner-column elementor-element elementor-element-6d280e8c\" data-id=\"6d280e8c\" data-element_type=\"column\" data-e-type=\"column\">\n\t\t\t<div class=\"elementor-widget-wrap elementor-element-populated\">\n\t\t\t\t\t\t<div class=\"elementor-element elementor-element-5bfa7e3d elementor-widget elementor-widget-cz_quote\" data-id=\"5bfa7e3d\" data-element_type=\"widget\" data-e-type=\"widget\" data-widget_type=\"cz_quote.default\">\n\t\t\t\t<div class=\"elementor-widget-container\">\n\t\t\t\t\t\t\t<div class=\"cz_quote\">\r\n\t\t<blockquote><i class=\"fa fa-quote-left cz_quote_shape hidden\"><\/i><div class=\"cz_quote_content cz_wpe_content\"><p><b>Der Himmel ist nur einen Schritt entfernt. Geh in dich und erkenne, dass du schon viele Male auf dieser Erde gelebt hast ...und viel lernen musstest. Du bist ein Kind des Universums und tr\u00e4gst den g\u00f6ttlichen Funken in deinem Bewusstsein.<\/b><\/p><\/div><div class=\"cz_quote_info\"><h4>Paul Meek<small><\/small><\/h4><\/div><\/blockquote>\t\t<\/div>\r\n\t\t\t\t\t\t<\/div>\n\t\t\t\t<\/div>\n\t\t\t\t\t<\/div>\n\t\t<\/div>\n\t\t\t\t<div class=\"elementor-column elementor-col-33 elementor-inner-column elementor-element elementor-element-3143643d\" data-id=\"3143643d\" data-element_type=\"column\" data-e-type=\"column\">\n\t\t\t<div class=\"elementor-widget-wrap\">\n\t\t\t\t\t\t\t<\/div>\n\t\t<\/div>\n\t\t\t\t\t<\/div>\n\t\t<\/section>\n\t\t\t\t<div class=\"elementor-element elementor-element-b22d598 elementor-widget elementor-widget-spacer\" data-id=\"b22d598\" data-element_type=\"widget\" data-e-type=\"widget\" data-widget_type=\"spacer.default\">\n\t\t\t\t<div class=\"elementor-widget-container\">\n\t\t\t\t\t\t\t<div class=\"elementor-spacer\">\n\t\t\t<div class=\"elementor-spacer-inner\"><\/div>\n\t\t<\/div>\n\t\t\t\t\t\t<\/div>\n\t\t\t\t<\/div>\n\t\t\t\t<div class=\"elementor-element elementor-element-7596a8ff elementor-widget elementor-widget-cz_free_line\" data-id=\"7596a8ff\" data-element_type=\"widget\" data-e-type=\"widget\" data-widget_type=\"cz_free_line.default\">\n\t\t\t\t<div class=\"elementor-widget-container\">\n\t\t\t\t\t\t\t<div class=\"relative\">\r\n\t\t\t<div  class=\"cz_line tac\"><\/div>\r\n\t\t<\/div>\r\n\t\t<div class=\"clr\"><\/div>\r\n\t\t\t\t\t\t<\/div>\n\t\t\t\t<\/div>\n\t\t\t\t<div class=\"elementor-element elementor-element-44427ae8 elementor-widget elementor-widget-spacer\" data-id=\"44427ae8\" data-element_type=\"widget\" data-e-type=\"widget\" data-widget_type=\"spacer.default\">\n\t\t\t\t<div class=\"elementor-widget-container\">\n\t\t\t\t\t\t\t<div class=\"elementor-spacer\">\n\t\t\t<div class=\"elementor-spacer-inner\"><\/div>\n\t\t<\/div>\n\t\t\t\t\t\t<\/div>\n\t\t\t\t<\/div>\n\t\t\t\t\t<\/div>\n\t\t<\/div>\n\t\t\t\t\t<\/div>\n\t\t<\/section>\n\t\t\t\t<\/div>\n\t\t","protected":false},"excerpt":{"rendered":"<p>Medium f\u00fcr Jenseitskontakte Sie haben eine geliebte Person im Jenseits, die &#8230; <\/p>\n","protected":false},"author":3,"featured_media":5640,"parent":0,"menu_order":0,"comment_status":"closed","ping_status":"closed","template":"","meta":{"footnotes":""},"class_list":["post-3274","page","type-page","status-publish","has-post-thumbnail","hentry"],"yoast_head":"<!-- This site is optimized with the Yoast SEO plugin v27.5 - https:\/\/yoast.com\/product\/yoast-seo-wordpress\/ -->\n<title>Medium f\u00fcr Jenseitskontakte &#8211; Regina Lukianto<\/title>\n<meta name=\"description\" content=\"Sie m\u00f6chten Kontakt zu einer verstorbenen Person aufnehmen? Als geschultes Medium stelle ich mich als Kanal zur Verf\u00fcgung.\" \/>\n<meta name=\"robots\" content=\"index, follow, max-snippet:-1, max-image-preview:large, max-video-preview:-1\" \/>\n<link rel=\"canonical\" href=\"https:\/\/regina.lukianto.de\/?page_id=3274\" \/>\n<meta property=\"og:locale\" content=\"de_DE\" \/>\n<meta property=\"og:type\" content=\"article\" \/>\n<meta property=\"og:title\" content=\"Medium f\u00fcr Jenseitskontakte &#8211; Regina Lukianto\" \/>\n<meta property=\"og:description\" content=\"Sie m\u00f6chten Kontakt zu einer verstorbenen Person aufnehmen? Als geschultes Medium stelle ich mich als Kanal zur Verf\u00fcgung.\" \/>\n<meta property=\"og:url\" content=\"https:\/\/regina.lukianto.de\/?page_id=3274\" \/>\n<meta property=\"og:site_name\" content=\"Regina Lukianto\" \/>\n<meta property=\"article:modified_time\" content=\"2023-09-11T09:09:29+00:00\" \/>\n<meta property=\"og:image\" content=\"https:\/\/regina.lukianto.de\/wp-content\/uploads\/2021\/11\/regina-lukianto_medium-fuer-jenseitskontakte_menden_maerkischer-kreis-_photo_2021-11-15_08-18-27.jpg\" \/>\n\t<meta property=\"og:image:width\" content=\"1280\" \/>\n\t<meta property=\"og:image:height\" content=\"960\" \/>\n\t<meta property=\"og:image:type\" content=\"image\/jpeg\" \/>\n<meta name=\"twitter:card\" content=\"summary_large_image\" \/>\n<meta name=\"twitter:label1\" content=\"Gesch\u00e4tzte Lesezeit\" \/>\n\t<meta name=\"twitter:data1\" content=\"1\u00a0Minute\" \/>\n<script type=\"application\/ld+json\" class=\"yoast-schema-graph\">{\"@context\":\"https:\\\/\\\/schema.org\",\"@graph\":[{\"@type\":\"WebPage\",\"@id\":\"https:\\\/\\\/regina.lukianto.de\\\/?page_id=3274\",\"url\":\"https:\\\/\\\/regina.lukianto.de\\\/?page_id=3274\",\"name\":\"Medium f\u00fcr Jenseitskontakte &#8211; Regina Lukianto\",\"isPartOf\":{\"@id\":\"https:\\\/\\\/regina.lukianto.de\\\/#website\"},\"primaryImageOfPage\":{\"@id\":\"https:\\\/\\\/regina.lukianto.de\\\/?page_id=3274#primaryimage\"},\"image\":{\"@id\":\"https:\\\/\\\/regina.lukianto.de\\\/?page_id=3274#primaryimage\"},\"thumbnailUrl\":\"https:\\\/\\\/regina.lukianto.de\\\/wp-content\\\/uploads\\\/2021\\\/11\\\/regina-lukianto_medium-fuer-jenseitskontakte_menden_maerkischer-kreis-_photo_2021-11-15_08-18-27.jpg\",\"datePublished\":\"2020-10-25T10:21:58+00:00\",\"dateModified\":\"2023-09-11T09:09:29+00:00\",\"description\":\"Sie m\u00f6chten Kontakt zu einer verstorbenen Person aufnehmen? Als geschultes Medium stelle ich mich als Kanal zur Verf\u00fcgung.\",\"breadcrumb\":{\"@id\":\"https:\\\/\\\/regina.lukianto.de\\\/?page_id=3274#breadcrumb\"},\"inLanguage\":\"de\",\"potentialAction\":[{\"@type\":\"ReadAction\",\"target\":[\"https:\\\/\\\/regina.lukianto.de\\\/?page_id=3274\"]}]},{\"@type\":\"ImageObject\",\"inLanguage\":\"de\",\"@id\":\"https:\\\/\\\/regina.lukianto.de\\\/?page_id=3274#primaryimage\",\"url\":\"https:\\\/\\\/regina.lukianto.de\\\/wp-content\\\/uploads\\\/2021\\\/11\\\/regina-lukianto_medium-fuer-jenseitskontakte_menden_maerkischer-kreis-_photo_2021-11-15_08-18-27.jpg\",\"contentUrl\":\"https:\\\/\\\/regina.lukianto.de\\\/wp-content\\\/uploads\\\/2021\\\/11\\\/regina-lukianto_medium-fuer-jenseitskontakte_menden_maerkischer-kreis-_photo_2021-11-15_08-18-27.jpg\",\"width\":1280,\"height\":960,\"caption\":\"Lichtbringer\"},{\"@type\":\"BreadcrumbList\",\"@id\":\"https:\\\/\\\/regina.lukianto.de\\\/?page_id=3274#breadcrumb\",\"itemListElement\":[{\"@type\":\"ListItem\",\"position\":1,\"name\":\"Startseite\",\"item\":\"https:\\\/\\\/regina.lukianto.de\\\/\"},{\"@type\":\"ListItem\",\"position\":2,\"name\":\"Medium f\u00fcr Jenseitskontakte\"}]},{\"@type\":\"WebSite\",\"@id\":\"https:\\\/\\\/regina.lukianto.de\\\/#website\",\"url\":\"https:\\\/\\\/regina.lukianto.de\\\/\",\"name\":\"Regina Lukianto\",\"description\":\"Coaching - Supervision - Spirituelle Begleitung\",\"publisher\":{\"@id\":\"https:\\\/\\\/regina.lukianto.de\\\/#\\\/schema\\\/person\\\/e3bf0be64e4431d35e0c1d61fc88dfa4\"},\"potentialAction\":[{\"@type\":\"SearchAction\",\"target\":{\"@type\":\"EntryPoint\",\"urlTemplate\":\"https:\\\/\\\/regina.lukianto.de\\\/?s={search_term_string}\"},\"query-input\":{\"@type\":\"PropertyValueSpecification\",\"valueRequired\":true,\"valueName\":\"search_term_string\"}}],\"inLanguage\":\"de\"},{\"@type\":[\"Person\",\"Organization\"],\"@id\":\"https:\\\/\\\/regina.lukianto.de\\\/#\\\/schema\\\/person\\\/e3bf0be64e4431d35e0c1d61fc88dfa4\",\"name\":\"Regina\",\"logo\":{\"@id\":\"https:\\\/\\\/regina.lukianto.de\\\/#\\\/schema\\\/person\\\/image\\\/\"}}]}<\/script>\n<!-- \/ Yoast SEO plugin. -->","yoast_head_json":{"title":"Medium f\u00fcr Jenseitskontakte &#8211; Regina Lukianto","description":"Sie m\u00f6chten Kontakt zu einer verstorbenen Person aufnehmen? Als geschultes Medium stelle ich mich als Kanal zur Verf\u00fcgung.","robots":{"index":"index","follow":"follow","max-snippet":"max-snippet:-1","max-image-preview":"max-image-preview:large","max-video-preview":"max-video-preview:-1"},"canonical":"https:\/\/regina.lukianto.de\/?page_id=3274","og_locale":"de_DE","og_type":"article","og_title":"Medium f\u00fcr Jenseitskontakte &#8211; Regina Lukianto","og_description":"Sie m\u00f6chten Kontakt zu einer verstorbenen Person aufnehmen? Als geschultes Medium stelle ich mich als Kanal zur Verf\u00fcgung.","og_url":"https:\/\/regina.lukianto.de\/?page_id=3274","og_site_name":"Regina Lukianto","article_modified_time":"2023-09-11T09:09:29+00:00","og_image":[{"width":1280,"height":960,"url":"https:\/\/regina.lukianto.de\/wp-content\/uploads\/2021\/11\/regina-lukianto_medium-fuer-jenseitskontakte_menden_maerkischer-kreis-_photo_2021-11-15_08-18-27.jpg","type":"image\/jpeg"}],"twitter_card":"summary_large_image","twitter_misc":{"Gesch\u00e4tzte Lesezeit":"1\u00a0Minute"},"schema":{"@context":"https:\/\/schema.org","@graph":[{"@type":"WebPage","@id":"https:\/\/regina.lukianto.de\/?page_id=3274","url":"https:\/\/regina.lukianto.de\/?page_id=3274","name":"Medium f\u00fcr Jenseitskontakte &#8211; Regina Lukianto","isPartOf":{"@id":"https:\/\/regina.lukianto.de\/#website"},"primaryImageOfPage":{"@id":"https:\/\/regina.lukianto.de\/?page_id=3274#primaryimage"},"image":{"@id":"https:\/\/regina.lukianto.de\/?page_id=3274#primaryimage"},"thumbnailUrl":"https:\/\/regina.lukianto.de\/wp-content\/uploads\/2021\/11\/regina-lukianto_medium-fuer-jenseitskontakte_menden_maerkischer-kreis-_photo_2021-11-15_08-18-27.jpg","datePublished":"2020-10-25T10:21:58+00:00","dateModified":"2023-09-11T09:09:29+00:00","description":"Sie m\u00f6chten Kontakt zu einer verstorbenen Person aufnehmen? Als geschultes Medium stelle ich mich als Kanal zur Verf\u00fcgung.","breadcrumb":{"@id":"https:\/\/regina.lukianto.de\/?page_id=3274#breadcrumb"},"inLanguage":"de","potentialAction":[{"@type":"ReadAction","target":["https:\/\/regina.lukianto.de\/?page_id=3274"]}]},{"@type":"ImageObject","inLanguage":"de","@id":"https:\/\/regina.lukianto.de\/?page_id=3274#primaryimage","url":"https:\/\/regina.lukianto.de\/wp-content\/uploads\/2021\/11\/regina-lukianto_medium-fuer-jenseitskontakte_menden_maerkischer-kreis-_photo_2021-11-15_08-18-27.jpg","contentUrl":"https:\/\/regina.lukianto.de\/wp-content\/uploads\/2021\/11\/regina-lukianto_medium-fuer-jenseitskontakte_menden_maerkischer-kreis-_photo_2021-11-15_08-18-27.jpg","width":1280,"height":960,"caption":"Lichtbringer"},{"@type":"BreadcrumbList","@id":"https:\/\/regina.lukianto.de\/?page_id=3274#breadcrumb","itemListElement":[{"@type":"ListItem","position":1,"name":"Startseite","item":"https:\/\/regina.lukianto.de\/"},{"@type":"ListItem","position":2,"name":"Medium f\u00fcr Jenseitskontakte"}]},{"@type":"WebSite","@id":"https:\/\/regina.lukianto.de\/#website","url":"https:\/\/regina.lukianto.de\/","name":"Regina Lukianto","description":"Coaching - Supervision - Spirituelle Begleitung","publisher":{"@id":"https:\/\/regina.lukianto.de\/#\/schema\/person\/e3bf0be64e4431d35e0c1d61fc88dfa4"},"potentialAction":[{"@type":"SearchAction","target":{"@type":"EntryPoint","urlTemplate":"https:\/\/regina.lukianto.de\/?s={search_term_string}"},"query-input":{"@type":"PropertyValueSpecification","valueRequired":true,"valueName":"search_term_string"}}],"inLanguage":"de"},{"@type":["Person","Organization"],"@id":"https:\/\/regina.lukianto.de\/#\/schema\/person\/e3bf0be64e4431d35e0c1d61fc88dfa4","name":"Regina","logo":{"@id":"https:\/\/regina.lukianto.de\/#\/schema\/person\/image\/"}}]}},"_links":{"self":[{"href":"https:\/\/regina.lukianto.de\/index.php?rest_route=\/wp\/v2\/pages\/3274","targetHints":{"allow":["GET"]}}],"collection":[{"href":"https:\/\/regina.lukianto.de\/index.php?rest_route=\/wp\/v2\/pages"}],"about":[{"href":"https:\/\/regina.lukianto.de\/index.php?rest_route=\/wp\/v2\/types\/page"}],"author":[{"embeddable":true,"href":"https:\/\/regina.lukianto.de\/index.php?rest_route=\/wp\/v2\/users\/3"}],"replies":[{"embeddable":true,"href":"https:\/\/regina.lukianto.de\/index.php?rest_route=%2Fwp%2Fv2%2Fcomments&post=3274"}],"version-history":[{"count":259,"href":"https:\/\/regina.lukianto.de\/index.php?rest_route=\/wp\/v2\/pages\/3274\/revisions"}],"predecessor-version":[{"id":6734,"href":"https:\/\/regina.lukianto.de\/index.php?rest_route=\/wp\/v2\/pages\/3274\/revisions\/6734"}],"wp:featuredmedia":[{"embeddable":true,"href":"https:\/\/regina.lukianto.de\/index.php?rest_route=\/wp\/v2\/media\/5640"}],"wp:attachment":[{"href":"https:\/\/regina.lukianto.de\/index.php?rest_route=%2Fwp%2Fv2%2Fmedia&parent=3274"}],"curies":[{"name":"wp","href":"https:\/\/api.w.org\/{rel}","templated":true}]}}